{"id":5220,"date":"2022-03-16T13:43:04","date_gmt":"2022-03-16T12:43:04","guid":{"rendered":"https:\/\/www.schulzentrum-stetten-akm.de\/?page_id=5220"},"modified":"2025-07-29T08:30:00","modified_gmt":"2025-07-29T06:30:00","slug":"\u0444\u0430\u043a\u0443\u043b\u044c\u0442\u0430\u0442\u0438\u0432\u0438","status":"publish","type":"page","link":"https:\/\/www.schulzentrum-stetten-akm.de\/uk\/\u0444\u0430\u043a\u0443\u043b\u044c\u0442\u0430\u0442\u0438\u0432\u0438\/","title":{"rendered":"\u041f\u0440\u0435\u0434\u043c\u0435\u0442\u0438 \u0437\u0430 \u0432\u0438\u0431\u043e\u0440\u043e\u043c"},"content":{"rendered":"<p>In Lernstufe 5 entscheiden sich die Lernpartner:innen einer Gemeinschaftsschule f\u00fcr eines der drei Wahlpflichtf\u00e4cher<br \/>AES, Technik oder Franz\u00f6sisch, das sie ab Lernstufe 6 bis zum Abschluss belegen werden. (Info Flyer &#8222;Die neuen <a href=\"https:\/\/km-bw.de\/site\/pbs-bw-km-root\/get\/documents_E1475798166\/KULTUS.Dachmandant\/KULTUS\/KM-Homepage\/Publikationen%202015,%202016%20und%202017\/Flyer_Wahlpflichtf%C3%A4cher_2017.pdf\" target=\"_blank\" rel=\"noopener noreferrer\">\u041f\u0440\u0435\u0434\u043c\u0435\u0442\u0438 \u0437\u0430 \u0432\u0438\u0431\u043e\u0440\u043e\u043c\")<\/a><br \/><br \/>\u0412\u0430\u0448\u0430 \u0434\u0438\u0442\u0438\u043d\u0430 \u043e\u0442\u0440\u0438\u043c\u0430\u0454 \u0431\u044e\u043b\u0435\u0442\u0435\u043d\u044c \u0434\u043b\u044f \u0433\u043e\u043b\u043e\u0441\u0443\u0432\u0430\u043d\u043d\u044f \u0437 \u043e\u0431\u043e\u0432'\u044f\u0437\u043a\u043e\u0432\u043e\u0433\u043e \u043f\u0440\u0435\u0434\u043c\u0435\u0442\u0430 \u0437\u0430 \u0432\u0438\u0431\u043e\u0440\u043e\u043c \u0443 \u0448\u043a\u043e\u043b\u0456 \u0432 \u043d\u0430\u0439\u0431\u043b\u0438\u0436\u0447\u0456 \u043a\u0456\u043b\u044c\u043a\u0430 \u0434\u043d\u0456\u0432. \u0419\u043e\u0433\u043e \u043f\u043e\u0442\u0440\u0456\u0431\u043d\u043e \u0437\u0430\u043f\u043e\u0432\u043d\u0438\u0442\u0438 \u0456 \u043f\u043e\u0432\u0435\u0440\u043d\u0443\u0442\u0438 \u0434\u043e \u0448\u043a\u043e\u043b\u0438 \u0434\u043e 6 \u043a\u0432\u0456\u0442\u043d\u044f.<\/p>","protected":false},"excerpt":{"rendered":"<p>In Lernstufe 5 entscheiden sich die Lernpartner:innen einer Gemeinschaftsschule f\u00fcr eines der drei Wahlpflichtf\u00e4cherAES, Technik oder Franz\u00f6sisch, das sie ab Lernstufe 6 bis zum Abschluss belegen werden. (Info Flyer &#8222;Die &hellip; <\/p>","protected":false},"author":1,"featured_media":0,"parent":0,"menu_order":0,"comment_status":"closed","ping_status":"closed","template":"","meta":{"footnotes":""},"class_list":["post-5220","page","type-page","status-publish","hentry"],"_links":{"self":[{"href":"https:\/\/www.schulzentrum-stetten-akm.de\/uk\/wp-json\/wp\/v2\/pages\/5220","targetHints":{"allow":["GET"]}}],"collection":[{"href":"https:\/\/www.schulzentrum-stetten-akm.de\/uk\/wp-json\/wp\/v2\/pages"}],"about":[{"href":"https:\/\/www.schulzentrum-stetten-akm.de\/uk\/wp-json\/wp\/v2\/types\/page"}],"author":[{"embeddable":true,"href":"https:\/\/www.schulzentrum-stetten-akm.de\/uk\/wp-json\/wp\/v2\/users\/1"}],"replies":[{"embeddable":true,"href":"https:\/\/www.schulzentrum-stetten-akm.de\/uk\/wp-json\/wp\/v2\/comments?post=5220"}],"version-history":[{"count":2,"href":"https:\/\/www.schulzentrum-stetten-akm.de\/uk\/wp-json\/wp\/v2\/pages\/5220\/revisions"}],"predecessor-version":[{"id":8363,"href":"https:\/\/www.schulzentrum-stetten-akm.de\/uk\/wp-json\/wp\/v2\/pages\/5220\/revisions\/8363"}],"wp:attachment":[{"href":"https:\/\/www.schulzentrum-stetten-akm.de\/uk\/wp-json\/wp\/v2\/media?parent=5220"}],"curies":[{"name":"wp","href":"https:\/\/api.w.org\/{rel}","templated":true}]}}