{"id":402,"date":"2018-10-16T21:36:29","date_gmt":"2018-10-16T19:36:29","guid":{"rendered":"https:\/\/www.schulzentrum-stetten-akm.sig.schule-bw.de\/?page_id=402"},"modified":"2024-07-01T09:55:36","modified_gmt":"2024-07-01T07:55:36","slug":"\u043f\u043b\u0430\u043d-\u0448\u043a\u0456\u043b\u044c\u043d\u043e\u0433\u043e-\u043c\u0430\u0440\u0448\u0440\u0443\u0442\u0443","status":"publish","type":"page","link":"https:\/\/www.schulzentrum-stetten-akm.de\/uk\/eltern\/\u043f\u043b\u0430\u043d-\u0448\u043a\u0456\u043b\u044c\u043d\u043e\u0433\u043e-\u043c\u0430\u0440\u0448\u0440\u0443\u0442\u0443\/","title":{"rendered":"\u041f\u043b\u0430\u043d \u0448\u043a\u0456\u043b\u044c\u043d\u0438\u0445 \u043f\u043e\u0434\u043e\u0440\u043e\u0436\u0435\u0439"},"content":{"rendered":"<p class=\"bodytext\">\u041f\u043b\u0430\u043d\u0438 \u0448\u043a\u0456\u043b\u044c\u043d\u0438\u0445 \u043c\u0430\u0440\u0448\u0440\u0443\u0442\u0456\u0432, \u0441\u043a\u043b\u0430\u0434\u0435\u043d\u0456 \u0434\u043e\u0440\u043e\u0436\u043d\u044c\u043e\u044e \u043f\u0430\u0442\u0440\u0443\u043b\u044c\u043d\u043e\u044e \u0441\u043b\u0443\u0436\u0431\u043e\u044e \u043f\u043e\u043b\u0456\u0446\u0456\u0457 \u0417\u0456\u0433\u043c\u0430\u0440\u0456\u043d\u0433\u0435\u043d\u0430.<\/p>\n<p class=\"bodytext\">\u0412\u0438 \u043c\u043e\u0436\u0435\u0442\u0435 \u0437\u0430\u0432\u0430\u043d\u0442\u0430\u0436\u0438\u0442\u0438 \u0457\u0445 \u0437 \u043f\u043e\u044f\u0441\u043d\u0435\u043d\u043d\u044f\u043c\u0438 \u0443 \u0444\u043e\u0440\u043c\u0430\u0442\u0456 PDF \u0442\u0443\u0442.<\/p>\n<p class=\"bodytext\">\u0417\u0430\u0433\u0430\u043b\u044c\u043d\u0430 \u0456\u043d\u0444\u043e\u0440\u043c\u0430\u0446\u0456\u044f \u043f\u0440\u043e \u0434\u043e\u0440\u043e\u0433\u0443 \u0434\u043e \u0448\u043a\u043e\u043b\u0438<\/p>\n<p class=\"bodytext\">\u041a\u0430\u0440\u0442\u0430 \u0448\u043a\u0456\u043b\u044c\u043d\u0438\u0445 \u043c\u0430\u0440\u0448\u0440\u0443\u0442\u0456\u0432 \u0428\u0442\u0435\u0442\u0442\u0435\u043d-\u0430\u043c-\u041a\u0430\u043b\u044c\u0442\u0435\u043d-\u041c\u0430\u0440\u043a\u0442<\/p>\n<p class=\"bodytext\">\u041a\u0430\u0440\u0442\u0430 \u0448\u043a\u0456\u043b\u044c\u043d\u0438\u0445 \u043c\u0430\u0440\u0448\u0440\u0443\u0442\u0456\u0432 \u0440\u0430\u0439\u043e\u043d\u0456\u0432<\/p>\n<p class=\"bodytext\">\u041f\u043e\u044f\u0441\u043d\u0435\u043d\u043d\u044f \u043c\u0430\u0440\u0448\u0440\u0443\u0442\u0456\u0432 \u0434\u043e \u0448\u043a\u043e\u043b\u0438<\/p>\n<p><a href=\"https:\/\/www.schulzentrum-stetten-akm.de\/wp-content\/uploads\/2018\/11\/Schulwegplan_02_Ortsteile.jpg\"><img loading=\"lazy\" decoding=\"async\" class=\"alignnone wp-image-487 size-medium\" src=\"https:\/\/www.schulzentrum-stetten-akm.de\/wp-content\/uploads\/2018\/11\/Schulwegplan_02_Ortsteile-207x300.jpg\" alt=\"\" width=\"207\" height=\"300\" srcset=\"https:\/\/www.schulzentrum-stetten-akm.de\/wp-content\/uploads\/2018\/11\/Schulwegplan_02_Ortsteile-207x300.jpg 207w, https:\/\/www.schulzentrum-stetten-akm.de\/wp-content\/uploads\/2018\/11\/Schulwegplan_02_Ortsteile.jpg 649w\" sizes=\"auto, (max-width: 207px) 100vw, 207px\" \/><\/a><\/p>\n<p><a href=\"https:\/\/www.schulzentrum-stetten-akm.de\/wp-content\/uploads\/2018\/11\/Schulwegeplan_01_Stetten.jpg\"><img loading=\"lazy\" decoding=\"async\" class=\"alignnone wp-image-488 size-medium\" src=\"https:\/\/www.schulzentrum-stetten-akm.de\/wp-content\/uploads\/2018\/11\/Schulwegeplan_01_Stetten-300x212.jpg\" alt=\"\" width=\"300\" height=\"212\" srcset=\"https:\/\/www.schulzentrum-stetten-akm.de\/wp-content\/uploads\/2018\/11\/Schulwegeplan_01_Stetten-300x212.jpg 300w, https:\/\/www.schulzentrum-stetten-akm.de\/wp-content\/uploads\/2018\/11\/Schulwegeplan_01_Stetten-768x543.jpg 768w, https:\/\/www.schulzentrum-stetten-akm.de\/wp-content\/uploads\/2018\/11\/Schulwegeplan_01_Stetten-770x544.jpg 770w, https:\/\/www.schulzentrum-stetten-akm.de\/wp-content\/uploads\/2018\/11\/Schulwegeplan_01_Stetten.jpg 954w\" sizes=\"auto, (max-width: 300px) 100vw, 300px\" \/><\/a><\/p>","protected":false},"excerpt":{"rendered":"<p>Von der Verkehrswacht bei der Polizeidirektion Sigmaringen erarbeitete Schulwegepl\u00e4ne. Diese k\u00f6nnen sie hier mit Erl\u00e4uterungen als PDF runterladen. Allgemeine Hinweise zum Schulweg Schulwegplan Stetten am kalten Markt Schulwegplan der Ortsteile &hellip; <\/p>","protected":false},"author":1,"featured_media":0,"parent":342,"menu_order":0,"comment_status":"closed","ping_status":"closed","template":"","meta":{"footnotes":""},"class_list":["post-402","page","type-page","status-publish","hentry"],"_links":{"self":[{"href":"https:\/\/www.schulzentrum-stetten-akm.de\/uk\/wp-json\/wp\/v2\/pages\/402","targetHints":{"allow":["GET"]}}],"collection":[{"href":"https:\/\/www.schulzentrum-stetten-akm.de\/uk\/wp-json\/wp\/v2\/pages"}],"about":[{"href":"https:\/\/www.schulzentrum-stetten-akm.de\/uk\/wp-json\/wp\/v2\/types\/page"}],"author":[{"embeddable":true,"href":"https:\/\/www.schulzentrum-stetten-akm.de\/uk\/wp-json\/wp\/v2\/users\/1"}],"replies":[{"embeddable":true,"href":"https:\/\/www.schulzentrum-stetten-akm.de\/uk\/wp-json\/wp\/v2\/comments?post=402"}],"version-history":[{"count":5,"href":"https:\/\/www.schulzentrum-stetten-akm.de\/uk\/wp-json\/wp\/v2\/pages\/402\/revisions"}],"predecessor-version":[{"id":6963,"href":"https:\/\/www.schulzentrum-stetten-akm.de\/uk\/wp-json\/wp\/v2\/pages\/402\/revisions\/6963"}],"up":[{"embeddable":true,"href":"https:\/\/www.schulzentrum-stetten-akm.de\/uk\/wp-json\/wp\/v2\/pages\/342"}],"wp:attachment":[{"href":"https:\/\/www.schulzentrum-stetten-akm.de\/uk\/wp-json\/wp\/v2\/media?parent=402"}],"curies":[{"name":"wp","href":"https:\/\/api.w.org\/{rel}","templated":true}]}}