{"id":358,"date":"2018-10-16T21:26:54","date_gmt":"2018-10-16T19:26:54","guid":{"rendered":"https:\/\/www.schulzentrum-stetten-akm.sig.schule-bw.de\/?page_id=358"},"modified":"2018-11-28T10:19:29","modified_gmt":"2018-11-28T09:19:29","slug":"\u043c\u0456\u0441\u0456\u044f","status":"publish","type":"page","link":"https:\/\/www.schulzentrum-stetten-akm.de\/uk\/\u043d\u0430\u0448\u0430-\u0448\u043a\u043e\u043b\u0430\/\u043c\u0456\u0441\u0456\u044f\/","title":{"rendered":"\u0424\u043e\u0440\u043c\u0443\u043b\u044e\u0432\u0430\u043d\u043d\u044f \u043c\u0456\u0441\u0456\u0457"},"content":{"rendered":"<h2>\u041d\u0430\u0448\u0430 \u043c\u0456\u0441\u0456\u044f<\/h2>\n<h3>\u0423 \u043d\u0430\u0448\u043e\u043c\u0443 \u0448\u043a\u0456\u043b\u044c\u043d\u043e\u043c\u0443 \u0446\u0435\u043d\u0442\u0440\u0456<\/h3>\n<p class=\"bodytext\">...\u0443\u0447\u043d\u0456 \u043f\u0435\u0440\u0435\u0431\u0443\u0432\u0430\u044e\u0442\u044c \u0443 \u0446\u0435\u043d\u0442\u0440\u0456 \u0443\u0432\u0430\u0433\u0438.<br \/>\n...\u043e\u0431'\u0454\u0434\u043d\u0443\u0454 \u0440\u043e\u0431\u043e\u0447\u0438\u0439 \u0456 \u0436\u0438\u0442\u043b\u043e\u0432\u0438\u0439 \u043f\u0440\u043e\u0441\u0442\u0456\u0440.<br \/>\n...\u043e\u0441\u0432\u0456\u0442\u0430 \u0432\u0430\u0436\u043b\u0438\u0432\u0430. \u041c\u0438 \u043a\u0438\u0434\u0430\u0454\u043c\u043e \u0432\u0438\u043a\u043b\u0438\u043a \u0456 \u0437\u0430\u043e\u0445\u043e\u0447\u0443\u0454\u043c\u043e.<br \/>\n...\u043c\u0438 \u0441\u0442\u0430\u0432\u0438\u043c\u043e\u0441\u044f \u043e\u0434\u0438\u043d \u0434\u043e \u043e\u0434\u043d\u043e\u0433\u043e \u0437 \u043f\u043e\u0432\u0430\u0433\u043e\u044e \u0442\u0430 \u0432\u0434\u044f\u0447\u043d\u0456\u0441\u0442\u044e.<br \/>\n...\u043a\u043e\u0436\u0435\u043d \u0431\u0435\u0440\u0435 \u043d\u0430 \u0441\u0435\u0431\u0435 \u0432\u0456\u0434\u043f\u043e\u0432\u0456\u0434\u0430\u043b\u044c\u043d\u0456\u0441\u0442\u044c \u0437\u0430 \u0441\u0435\u0431\u0435 \u0442\u0430 \u0456\u043d\u0448\u0438\u0445.<br \/>\n...\u043a\u043e\u0436\u0435\u043d \u043c\u043e\u0436\u0435 \u0431\u0440\u0430\u0442\u0438 \u0443\u0447\u0430\u0441\u0442\u044c \u0443 \u0436\u0438\u0442\u0442\u0456 \u0448\u043a\u043e\u043b\u0438 \u0456 \u043f\u043e\u043a\u043b\u0430\u0434\u0430\u0442\u0438\u0441\u044f \u043e\u0434\u0438\u043d \u043d\u0430 \u043e\u0434\u043d\u043e\u0433\u043e.<br \/>\n...\u043c\u0438 \u043f\u0440\u0430\u0446\u044e\u0454\u043c\u043e \u0440\u0430\u0437\u043e\u043c \u0456 \u0432\u0456\u0434\u043a\u0440\u0438\u0442\u0456 \u0434\u043b\u044f \u043f\u043e\u0437\u0430\u0448\u043a\u0456\u043b\u044c\u043d\u0438\u0445 \u043f\u0430\u0440\u0442\u043d\u0435\u0440\u0456\u0432.<br \/>\n...\u043c\u0438 \u043c\u0430\u0454\u043c\u043e \u0441\u043f\u0440\u0430\u0432\u0443 \u0437 \u043b\u044e\u0434\u044c\u043c\u0438 \u0442\u0430 \u0440\u0435\u0447\u0430\u043c\u0438 \u0443 \u043d\u0435\u043d\u0430\u0441\u0438\u043b\u044c\u043d\u0438\u0446\u044c\u043a\u0438\u0439 \u0441\u043f\u043e\u0441\u0456\u0431.<br \/>\n...\u043c\u0438 \u043f\u043e\u0447\u0438\u043d\u0430\u0454\u043c\u043e \u0437\u0430\u0439\u043c\u0430\u0442\u0438\u0441\u044f \u043d\u043e\u0432\u0438\u043c\u0438 \u0441\u043f\u0440\u0430\u0432\u0430\u043c\u0438.<\/p>\n<p><a href=\"https:\/\/www.schulzentrum-stetten-akm.sig.schule-bw.de\/wp-content\/uploads\/2018\/11\/Leitbild.jpg\"><img loading=\"lazy\" decoding=\"async\" class=\"aligncenter wp-image-548 size-full\" src=\"https:\/\/www.schulzentrum-stetten-akm.sig.schule-bw.de\/wp-content\/uploads\/2018\/11\/Leitbild.jpg\" alt=\"\" width=\"560\" height=\"394\" srcset=\"https:\/\/www.schulzentrum-stetten-akm.de\/wp-content\/uploads\/2018\/11\/Leitbild.jpg 560w, https:\/\/www.schulzentrum-stetten-akm.de\/wp-content\/uploads\/2018\/11\/Leitbild-300x211.jpg 300w\" sizes=\"auto, (max-width: 560px) 100vw, 560px\" \/><\/a><\/p>","protected":false},"excerpt":{"rendered":"<p>Unser Leitbild In unserem Schulzentrum &#8230;stehen die Sch\u00fclerinnen und Sch\u00fcler im Mittelpunkt. &#8230;verschmilzt Arbeits- und Lebensraum. &#8230;ist Bildung wichtig. Wir fordern und f\u00f6rdern. &#8230;gehen wir respektvoll und wertsch\u00e4tzend miteinander um. &hellip; <\/p>","protected":false},"author":1,"featured_media":0,"parent":336,"menu_order":0,"comment_status":"closed","ping_status":"closed","template":"","meta":{"footnotes":""},"class_list":["post-358","page","type-page","status-publish","hentry"],"_links":{"self":[{"href":"https:\/\/www.schulzentrum-stetten-akm.de\/uk\/wp-json\/wp\/v2\/pages\/358","targetHints":{"allow":["GET"]}}],"collection":[{"href":"https:\/\/www.schulzentrum-stetten-akm.de\/uk\/wp-json\/wp\/v2\/pages"}],"about":[{"href":"https:\/\/www.schulzentrum-stetten-akm.de\/uk\/wp-json\/wp\/v2\/types\/page"}],"author":[{"embeddable":true,"href":"https:\/\/www.schulzentrum-stetten-akm.de\/uk\/wp-json\/wp\/v2\/users\/1"}],"replies":[{"embeddable":true,"href":"https:\/\/www.schulzentrum-stetten-akm.de\/uk\/wp-json\/wp\/v2\/comments?post=358"}],"version-history":[{"count":4,"href":"https:\/\/www.schulzentrum-stetten-akm.de\/uk\/wp-json\/wp\/v2\/pages\/358\/revisions"}],"predecessor-version":[{"id":549,"href":"https:\/\/www.schulzentrum-stetten-akm.de\/uk\/wp-json\/wp\/v2\/pages\/358\/revisions\/549"}],"up":[{"embeddable":true,"href":"https:\/\/www.schulzentrum-stetten-akm.de\/uk\/wp-json\/wp\/v2\/pages\/336"}],"wp:attachment":[{"href":"https:\/\/www.schulzentrum-stetten-akm.de\/uk\/wp-json\/wp\/v2\/media?parent=358"}],"curies":[{"name":"wp","href":"https:\/\/api.w.org\/{rel}","templated":true}]}}