{"id":406,"date":"2018-10-16T21:37:49","date_gmt":"2018-10-16T19:37:49","guid":{"rendered":"https:\/\/www.schulzentrum-stetten-akm.sig.schule-bw.de\/?page_id=406"},"modified":"2025-11-28T10:58:11","modified_gmt":"2025-11-28T09:58:11","slug":"sprechzeiten","status":"publish","type":"page","link":"https:\/\/www.schulzentrum-stetten-akm.de\/sr\/lehrer\/sprechzeiten\/","title":{"rendered":"Sprechzeiten und Kontakt"},"content":{"rendered":"<h1>Erreichbarkeit der Lehrkr\u00e4fte im Schuljahr 2025\/26<\/h1>\n\n\n\n<table style=\"width: 100%; height: 2976px;\" width=\"641\">\n<tbody>\n<tr style=\"height: 103px;\">\n<td style=\"height: 103px; width: 25.8333%;\" width=\"149\">\n<h3><strong>Schulleitung<\/strong><\/h3>\n<\/td>\n<td style=\"height: 103px; width: 28.6442%;\" colspan=\"2\" width=\"170\">\n<h3><strong>Sprechstunde<\/strong><\/h3>\n<\/td>\n<td style=\"height: 103px; width: 45.4167%;\" width=\"321\">\n<h3><strong>E-Mail Adresse<\/strong><\/h3>\n<\/td>\n<\/tr>\n<tr style=\"height: 70px;\">\n<td style=\"height: 70px; width: 25.8333%;\" width=\"149\">\n<p>Herr Dr. Probst<\/p>\n<\/td>\n<td style=\"height: 70px; width: 28.6442%;\" colspan=\"2\" width=\"170\">\n<p>\u00a0nach Vereinbarung<\/p>\n<\/td>\n<td style=\"height: 70px; width: 45.4167%;\" width=\"321\">\n<p><a href=\"mailto:schulleitung@04143935.schule.bwl.de\">schulleitung@04143935.schule.bwl.de<\/a><\/p>\n<\/td>\n<\/tr>\n<tr style=\"height: 70px;\">\n<td style=\"height: 70px; width: 25.8333%;\" width=\"149\">\n<p>Herr Lebherz<\/p>\n<\/td>\n<td style=\"height: 70px; width: 28.6442%;\" colspan=\"2\" width=\"170\">\n<p>\u00a0nach Vereinbarung<\/p>\n<\/td>\n<td style=\"height: 70px; width: 45.4167%;\" width=\"321\">\n<p><a href=\"mailto:ssl@04143935.schule.bwl.de\">ssl@04143935.schule.bwl.de<\/a><\/p>\n<\/td>\n<\/tr>\n<tr style=\"height: 103px;\">\n<td style=\"height: 106px; width: 25.8333%;\" width=\"149\">\n<h3><strong>Lehrkr\u00e4fte:<\/strong><\/h3>\n<\/td>\n<td style=\"height: 106px; width: 28.6442%;\" colspan=\"2\" width=\"170\">\n<h3>\u00a0<\/h3>\n<\/td>\n<td style=\"height: 106px; width: 45.4167%;\" width=\"321\">\n<h3>\u00a0<\/h3>\n<\/td>\n<\/tr>\n<tr style=\"height: 70px;\">\n<td style=\"width: 25.8333%; vertical-align: middle; height: 70px;\">\n<p>Herr Amstadt<\/p>\n<\/td>\n<td style=\"width: 28.6442%; vertical-align: middle; height: 70px;\" colspan=\"2\">\n<p>nach Vereinbarung<\/p>\n<\/td>\n<td style=\"width: 45.4167%; vertical-align: middle; height: 70px;\">\n<p><a href=\"mailto:patrick.amstadt@bw.schule\">patrick.amstadt@bw.schule<\/a><\/p>\n<\/td>\n<\/tr>\n<tr style=\"height: 10px;\">\n<td style=\"height: 10px; width: 25.8333%; vertical-align: middle;\" width=\"149\">\n<p>Frau Asal<\/p>\n<\/td>\n<td style=\"height: 10px; vertical-align: middle;\" colspan=\"2\" width=\"170\">\n<p>nach Vereinbarung<\/p>\n<\/td>\n<td style=\"height: 10px; width: 45.4167%; vertical-align: middle;\" width=\"321\">\n<p><a href=\"mailto:dorothea.asal@bw.schule\">dorothea.asal@bw.schule<\/a><\/p>\n<\/td>\n<\/tr>\n<tr style=\"height: 10px;\">\n<td style=\"height: 10px; width: 25.8333%; vertical-align: middle;\" width=\"149\">\n<p>Frau Baier<\/p>\n<\/td>\n<td style=\"height: 10px; width: 28.6442%; vertical-align: middle;\" colspan=\"2\" width=\"85\">\n<p>nach Vereinbarung<\/p>\n<\/td>\n<td style=\"height: 10px; width: 45.4167%; vertical-align: middle;\" width=\"321\">\n<p><a href=\"mailto:leonie.baier@bw.schule\">leonie.baier@bw.schule<\/a><\/p>\n<\/td>\n<\/tr>\n<tr style=\"height: 10px;\">\n<td style=\"height: 34px; width: 25.8333%; vertical-align: middle;\" width=\"149\">\n<p>Frau Baldischwiler<\/p>\n<\/td>\n<td style=\"height: 34px; width: 28.6442%; vertical-align: middle;\" colspan=\"2\" width=\"85\">nach Vereinbarung<\/td>\n<td style=\"height: 34px; width: 45.4167%; vertical-align: middle;\" width=\"321\"><a href=\"mailto:nadja.baldischwiler@bw.schule\">nadja.baldischwiler@bw.schule<\/a><\/td>\n<\/tr>\n<tr style=\"height: 70px;\">\n<td style=\"width: 25.8333%; vertical-align: middle; height: 70px;\">\n<p>Frau Binder<\/p>\n<\/td>\n<td style=\"width: 28.6442%; vertical-align: middle; height: 70px;\" colspan=\"2\">nach Vereinbarung<\/td>\n<td style=\"width: 45.4167%; vertical-align: middle; height: 70px;\">\n<p><a href=\"mailto:nadine.binder@bw.schule\">nadine.binder@bw.schule<\/a><\/p>\n<\/td>\n<\/tr>\n<tr style=\"height: 10px;\">\n<td style=\"width: 25.8333%; height: 24px; vertical-align: middle;\">\n<p>Frau Birkhofer<\/p>\n<\/td>\n<td style=\"height: 24px; vertical-align: middle;\" colspan=\"2\">nach Vereinbarung<\/td>\n<td style=\"width: 45.4167%; height: 24px; vertical-align: middle;\">\n<p><a href=\"mailto:sarah.birkhofer@bw.schule\">sarah.birkhofer@bw.schule<\/a><\/p>\n<\/td>\n<\/tr>\n<tr style=\"height: 10px;\">\n<td style=\"height: 39px; width: 25.8333%; vertical-align: middle;\">\n<p>Frau Biselli<\/p>\n<\/td>\n<td style=\"height: 39px; width: 28.6442%; vertical-align: middle;\" colspan=\"2\">\n<p>nach Vereinbarung<\/p>\n<\/td>\n<td style=\"height: 39px; width: 45.4167%; vertical-align: middle;\">\n<p><a href=\"mailto:renate.biselli@bw.schule\">renate.biselli@bw.schule<\/a><\/p>\n<\/td>\n<\/tr>\n<tr style=\"height: 10px;\">\n<td style=\"width: 25.8333%; height: 10px;\">\n<p>Frau Boos<\/p>\n<\/td>\n<td style=\"width: 28.6442%; height: 10px;\" colspan=\"2\">\n<p>nach Vereinbarung<\/p>\n<\/td>\n<td style=\"width: 45.4167%; height: 10px;\">\n<p><a href=\"mailto:beatrice.boos@bw.schule\">beatrice.boos@bw.schule<\/a><\/p>\n<\/td>\n<\/tr>\n<tr style=\"height: 10px;\">\n<td style=\"height: 19px; width: 25.8333%;\">\n<p>Frau Burkhart<\/p>\n<\/td>\n<td style=\"height: 19px; width: 28.6442%;\" colspan=\"2\">\n<p>nach Vereinbarung<\/p>\n<\/td>\n<td style=\"height: 19px; width: 45.4167%;\">\n<p><a href=\"mailto:christine.burkhart@bw.schule\">christine.burkhart@bw.schule<\/a><\/p>\n<\/td>\n<\/tr>\n<tr style=\"height: 70px;\">\n<td style=\"width: 25.8333%; height: 70px;\">\n<p>Herr Falk<\/p>\n<\/td>\n<td style=\"width: 28.6442%; height: 70px;\" colspan=\"2\">\n<p>nach Vereinbarung<\/p>\n<\/td>\n<td style=\"width: 45.4167%; height: 70px;\"><a href=\"mailto:alexander.falk@bw.schule\">alexander.falk@bw.schule<\/a><\/td>\n<\/tr>\n<tr style=\"height: 10px;\">\n<td style=\"width: 25.8333%; height: 36px;\">\n<p>Frau Fleck<\/p>\n<\/td>\n<td style=\"height: 36px;\" colspan=\"2\">\n<p>nach Vereinbarung<\/p>\n<\/td>\n<td style=\"width: 45.4167%; height: 36px;\"><a href=\"mailto:hanna.fleck@bw.schule\">hanna.fleck@bw.schule<\/a><\/td>\n<\/tr>\n<tr style=\"height: 10px;\">\n<td style=\"height: 47px; width: 25.8333%;\">\n<p>Frau Fr\u00f6hlich<\/p>\n<\/td>\n<td style=\"height: 47px; width: 28.6442%;\" colspan=\"2\">\n<p>nach Vereinbarung<\/p>\n<\/td>\n<td style=\"height: 47px; width: 45.4167%;\"><a href=\"mailto:maria.froehlich@bw.schule\">maria.froehlich@bw.schule<\/a><\/td>\n<\/tr>\n<tr style=\"height: 10px;\">\n<td style=\"width: 25.8333%; height: 53px;\">Frau Gast<\/td>\n<td style=\"height: 53px; width: 28.6442%;\" colspan=\"2\">nach Vereinbarung<\/td>\n<td style=\"width: 45.4167%; height: 53px;\"><a href=\"mailto:nicole.gast@bw.schule\">nicole.gast@bw.schule<\/a><\/td>\n<\/tr>\n<tr style=\"height: 10px;\">\n<td style=\"width: 25.8333%; height: 48px;\">Frau Geuder<\/td>\n<td style=\"width: 28.6442%; height: 48px;\" colspan=\"2\">nach Vereinbarung<\/td>\n<td style=\"width: 45.4167%; height: 48px;\"><a href=\"mailto:karin.geuder@bw.schule\">karin.geuder@bw.schule<\/a><\/td>\n<\/tr>\n<tr style=\"height: 10px;\">\n<td style=\"width: 25.8333%; height: 60px;\">Frau Gonser<\/td>\n<td style=\"height: 60px; width: 28.6442%;\" colspan=\"2\">nach Vereinbarung<\/td>\n<td style=\"width: 45.4167%; height: 60px;\"><a href=\"mailto:amelie.gonser@bw.schule\">amelie.gonser@bw.schule<\/a><\/td>\n<\/tr>\n<tr style=\"height: 10px;\">\n<td style=\"height: 60px; width: 25.8333%;\" width=\"149\">Frau Grom<\/td>\n<td style=\"height: 60px; width: 28.6442%;\" colspan=\"2\" width=\"85\">nach Vereinbarung<\/td>\n<td style=\"height: 60px; width: 45.4167%;\" width=\"321\"><a href=\"mailto:eva-maria.grom@bw.schule\">eva-maria.grom@bw.schule<\/a><\/td>\n<\/tr>\n<tr style=\"height: 70px;\">\n<td style=\"width: 25.8333%; height: 70px;\">\n<p>Frau Gruber<\/p>\n<\/td>\n<td style=\"width: 28.6442%; height: 70px;\" colspan=\"2\">\n<p>nach Vereinbarung<\/p>\n<\/td>\n<td style=\"width: 45.4167%; height: 70px;\">\n<p><a href=\"mailto:constanze.gruber@bw.schule\">constanze.gruber@bw.schule<\/a><\/p>\n<\/td>\n<\/tr>\n<tr style=\"height: 10px;\">\n<td style=\"width: 25.8333%; height: 78px;\">\n<p>Frau Hameister<\/p>\n<\/td>\n<td style=\"height: 78px;\" colspan=\"2\">\n<p>nach Vereinbarung<\/p>\n<\/td>\n<td style=\"width: 45.4167%; height: 78px;\">\n<p><a href=\"mailto:ann-kathrin.hameister@bw.schule\">ann-kathrin.hameister@bw.schule<\/a><\/p>\n<\/td>\n<\/tr>\n<tr style=\"height: 10px;\">\n<td style=\"width: 25.8333%; height: 65px;\">Frau Hocheder<\/td>\n<td style=\"width: 28.6442%; height: 65px;\" colspan=\"2\">nach Vereinbarung<\/td>\n<td style=\"width: 45.4167%; height: 65px;\"><a href=\"mailto:kathrin.hocheder@bw.schule\">kathrin.hocheder@bw.schule<\/a><\/td>\n<\/tr>\n<tr style=\"height: 10px;\">\n<td style=\"height: 70px; width: 25.8333%;\" width=\"149\">Frau H\u00f6rger<\/td>\n<td style=\"height: 70px; width: 28.6442%;\" colspan=\"2\" width=\"85\">nach Vereinbarung<\/td>\n<td style=\"height: 70px; width: 45.4167%;\" width=\"321\"><a href=\"mailto:marijke.hoerger@bw.schule\">marijke.hoerger@bw.schule<\/a><\/td>\n<\/tr>\n<tr style=\"height: 10px;\">\n<td style=\"height: 70px; width: 25.8333%;\" width=\"149\">\n<p>Herr Hotz<\/p>\n<\/td>\n<td style=\"height: 70px; width: 28.6442%;\" colspan=\"2\" width=\"85\">nach Vereinbarung<\/td>\n<td style=\"height: 70px; width: 45.4167%;\" width=\"321\"><a href=\"mailto:armin.hotz@bw.schule\">armin.hotz@bw.schule<\/a><\/td>\n<\/tr>\n<tr style=\"height: 10px;\">\n<td style=\"height: 43px; width: 25.8333%;\" width=\"149\">\n<p>Frau Karacan<\/p>\n<\/td>\n<td style=\"height: 43px; width: 28.6442%;\" colspan=\"2\" width=\"85\">nach Vereinbarung<\/td>\n<td style=\"height: 43px; width: 45.4167%;\" width=\"321\"><a href=\"mailto:yasemin.karacan@bw.schule\">yasemin.karacan@bw.schule<\/a><\/td>\n<\/tr>\n<tr style=\"height: 10px;\">\n<td style=\"height: 70px; width: 25.8333%;\" width=\"149\">\n<p>Frau Karsten<\/p>\n<\/td>\n<td style=\"height: 70px; width: 28.6442%;\" colspan=\"2\" width=\"85\">nach Vereinbarung<\/td>\n<td style=\"height: 70px; width: 45.4167%;\" width=\"321\"><a href=\"mailto:annette.karsten@bw.schule\">annette.karsten@bw.schule<\/a><\/td>\n<\/tr>\n<tr style=\"height: 70px;\">\n<td style=\"width: 25.8333%; height: 70px;\">\n<p>Herr Kille<\/p>\n<\/td>\n<td style=\"width: 28.6442%; height: 70px;\" colspan=\"2\">\n<p>nach Vereinbarung<\/p>\n<\/td>\n<td style=\"width: 45.4167%; height: 70px;\"><a href=\"mailto:stefan.kille@bw.schule\">stefan.kille@bw.schule<\/a><\/td>\n<\/tr>\n<tr style=\"height: 10px;\">\n<td style=\"height: 32px; width: 25.8333%;\" width=\"149\">\n<p>Herr Leich<\/p>\n<\/td>\n<td style=\"height: 32px;\" colspan=\"2\" width=\"85\">\n<p>nach Vereinbarung<\/p>\n<\/td>\n<td style=\"height: 32px; width: 45.4167%;\" width=\"321\"><a href=\"mailto:christian.leich@bw.schule\">christian.leich@bw.schule<\/a><\/td>\n<\/tr>\n<tr style=\"height: 10px;\">\n<td style=\"height: 55px; width: 25.8333%;\" width=\"149\">\n<p>Frau L\u00f6ffler<\/p>\n<\/td>\n<td style=\"height: 55px; width: 28.6442%;\" colspan=\"2\" width=\"85\">\n<p>nach Vereinbarung<\/p>\n<\/td>\n<td style=\"height: 55px; width: 45.4167%;\" width=\"321\"><a href=\"mailto:annika.loeffler@bw.schule\">annika.loeffler@bw.schule<\/a><\/td>\n<\/tr>\n<tr style=\"height: 10px;\">\n<td style=\"height: 64px; width: 25.8333%;\" width=\"149\">\n<p>Frau Lorch<\/p>\n<\/td>\n<td style=\"height: 64px; width: 28.6442%;\" colspan=\"2\" width=\"85\">\n<p>nach Vereinbarung<\/p>\n<\/td>\n<td style=\"height: 64px; width: 45.4167%;\" width=\"321\"><a href=\"mailto:jana.lorch@bw.schule\">jana.lorch@bw.schule<\/a><\/td>\n<\/tr>\n<tr style=\"height: 10px;\">\n<td style=\"width: 25.8333%; height: 57px;\">\n<p>Frau Lorenz<\/p>\n<\/td>\n<td style=\"width: 28.6442%; height: 57px;\" colspan=\"2\">nach Vereinbarung<\/td>\n<td style=\"width: 45.4167%; height: 57px;\">\n<p><a href=\"mailto:jeanette.lorenz@bw.schule\">jeanette.lorenz@bw.schule<\/a><\/p>\n<\/td>\n<\/tr>\n<tr style=\"height: 10px;\">\n<td style=\"width: 25.8333%; height: 54px;\">\n<p>Herr Mahler<\/p>\n<\/td>\n<td style=\"height: 54px; width: 28.6442%;\" colspan=\"2\">nach Vereinbarung<\/td>\n<td style=\"width: 45.4167%; height: 54px;\">\n<p><a href=\"mailto:joerg.mahler@bw.schule\">joerg.mahler@bw.schule<\/a><\/p>\n<\/td>\n<\/tr>\n<tr style=\"height: 10px;\">\n<td style=\"width: 25.8333%; height: 70px;\">Frau M\u00fcller<\/td>\n<td style=\"height: 70px; width: 28.6442%;\" colspan=\"2\">nach Vereinbarung<\/td>\n<td style=\"width: 45.4167%; height: 70px;\"><a href=\"mailto:julia_martina.mueller@bw.schule\">julia_martina.mueller@bw.schule<\/a><\/td>\n<\/tr>\n<tr style=\"height: 10px;\">\n<td style=\"height: 70px; width: 25.8333%;\" width=\"149\">\n<p>Frau Narr<\/p>\n<\/td>\n<td style=\"height: 70px; width: 28.6442%;\" colspan=\"2\" width=\"170\">\n<p>Nach Vereinbarung<\/p>\n<\/td>\n<td style=\"height: 70px; width: 45.4167%;\" width=\"321\"><a href=\"mailto:elena.narr@bw.schule\">elena.narr@bw.schule<\/a><\/td>\n<\/tr>\n<tr style=\"height: 10px;\">\n<td style=\"width: 25.8333%; height: 70px;\">\n<p>Frau Nipp<\/p>\n<\/td>\n<td style=\"width: 28.6442%; height: 70px;\" colspan=\"2\">\n<p>nach Vereinbarung<\/p>\n<\/td>\n<td style=\"width: 45.4167%; height: 70px;\">\n<p><a href=\"mailto:carolin.nipp@bw.schule\">carolin.nipp@bw.schule<\/a><\/p>\n<\/td>\n<\/tr>\n<tr style=\"height: 10px;\">\n<td style=\"height: 54px; width: 25.8333%;\" width=\"149\">\n<p>Frau Rapp<\/p>\n<\/td>\n<td style=\"height: 54px; width: 28.6442%;\" colspan=\"2\" width=\"85\">nach Vereinbarung<\/td>\n<td style=\"height: 54px; width: 45.4167%;\" width=\"321\"><a href=\"mailto:ricarda.rapp@bw.schule\">ricarda.rapp@bw.schule<\/a><\/td>\n<\/tr>\n<tr style=\"height: 10px;\">\n<td style=\"width: 25.8333%; height: 37px;\">\n<p>Herr Rapp<\/p>\n<\/td>\n<td style=\"width: 28.6442%; height: 37px;\" colspan=\"2\">nach Vereinbarung<\/td>\n<td style=\"width: 45.4167%; height: 37px;\">\n<p><a href=\"mailto:stefan.rapp@bw.schule\">stefan.rapp@bw.schule<\/a><\/p>\n<\/td>\n<\/tr>\n<tr style=\"height: 10px;\">\n<td style=\"width: 25.8333%; height: 70px;\">\n<p>Frau Reinberger<\/p>\n<\/td>\n<td style=\"height: 70px; width: 28.6442%;\" colspan=\"2\">nach Vereinbarung<\/td>\n<td style=\"width: 45.4167%; height: 70px;\">\n<p><a href=\"mailto:jessica.reinberger@bw.schule\">jessica.reinberger@bw.schule<\/a><\/p>\n<\/td>\n<\/tr>\n<tr style=\"height: 10px;\">\n<td style=\"height: 70px; width: 25.8333%;\" width=\"149\">\n<p>Frau Ritter<\/p>\n<\/td>\n<td style=\"height: 70px; width: 28.6442%;\" colspan=\"2\" width=\"85\">nach Vereinbarung<\/td>\n<td style=\"height: 70px; width: 45.4167%;\" width=\"80\" height=\"20\"><a href=\"mailto:franziska.ritter@bw.schule\">franziska.ritter@bw.schule<\/a><\/td>\n<\/tr>\n<tr style=\"height: 10px;\">\n<td style=\"height: 70px; width: 25.8333%;\" width=\"149\">\n<p>Frau Schachtschneider<\/p>\n<\/td>\n<td style=\"height: 70px; width: 28.6442%;\" colspan=\"2\" width=\"170\">\n<p>nach Vereinbarung<\/p>\n<\/td>\n<td style=\"height: 70px; width: 45.4167%;\" width=\"321\"><a href=\"mailto:elena.schachtschneider@bw.schule\">elena.schachtschneider@bw.schule<\/a><\/td>\n<\/tr>\n<tr style=\"height: 10px;\">\n<td style=\"height: 70px; width: 25.8333%;\" width=\"149\">\n<p>Frau Sch\u00f6llhorn<\/p>\n<\/td>\n<td style=\"height: 70px; width: 28.6442%;\" colspan=\"2\" width=\"85\">\n<p>nach Vereinbarung<\/p>\n<\/td>\n<td style=\"height: 70px; width: 45.4167%;\" width=\"321\"><a href=\"mailto:katrin.schoellhorn@bw.schule\">katrin.schoellhorn@bw.schule<\/a><\/td>\n<\/tr>\n<tr style=\"height: 10px;\">\n<td style=\"width: 25.8333%; height: 50px;\">\n<p>Herr Sim<\/p>\n<\/td>\n<td style=\"width: 28.6442%; height: 50px;\" colspan=\"2\">\n<p>nach Vereinbarung<\/p>\n<\/td>\n<td style=\"width: 45.4167%; height: 50px;\">\n<p><a href=\"mailto:mihael.sim@bw.schule\">mihael.sim@bw.schule<\/a><\/p>\n<\/td>\n<\/tr>\n<tr style=\"height: 10px;\">\n<td style=\"width: 25.8333%; height: 32px;\">\n<p>Frau Staniszewski<\/p>\n<\/td>\n<td style=\"width: 28.6442%; height: 32px;\" colspan=\"2\">nach Vereinbarung<\/td>\n<td style=\"width: 45.4167%; height: 32px;\">\n<p><a href=\"mailto:mira.staniszewski@bw.schule\">mira.staniszewski@bw.schule<\/a><\/p>\n<\/td>\n<\/tr>\n<tr style=\"height: 10px;\">\n<td style=\"height: 32px; width: 25.8333%;\" width=\"149\">\n<p>Frau Straub<\/p>\n<\/td>\n<td style=\"height: 32px; width: 28.6442%;\" colspan=\"2\" width=\"85\">nach Vereinbarung<\/td>\n<td style=\"height: 32px; width: 45.4167%;\" width=\"321\">\u00a0<\/td>\n<\/tr>\n<tr style=\"height: 10px;\">\n<td style=\"height: 39px; width: 25.8333%;\" width=\"149\">Herr Treger<\/td>\n<td style=\"height: 39px; width: 28.6442%;\" colspan=\"2\" width=\"85\">nach Vereinbarung<\/td>\n<td style=\"height: 39px; width: 45.4167%;\" width=\"321\"><a href=\"mailto:frederik.treger@bw.schule\">frederik.treger@bw.schule<\/a><\/td>\n<\/tr>\n<tr style=\"height: 70px;\">\n<td style=\"width: 25.8333%; height: 70px;\">\n<p>Frau Unger<\/p>\n<\/td>\n<td style=\"width: 28.6442%; height: 70px;\" colspan=\"2\">\n<p>nach Vereinbarung<\/p>\n<\/td>\n<td style=\"width: 45.4167%; height: 70px;\"><a href=\"mailto:sonja.unger@bw.schule\">sonja.unger@bw.schule<\/a><\/td>\n<\/tr>\n<tr style=\"height: 10px;\">\n<td style=\"width: 25.8333%; height: 73px;\">\n<p>Frau Unterstenh\u00f6fer<\/p>\n<\/td>\n<td style=\"height: 73px;\" colspan=\"2\">\n<p>nach Vereinbarung<\/p>\n<\/td>\n<td style=\"height: 73px; width: 45.4167%;\" width=\"80\" height=\"20\"><a href=\"mailto:katja.unterstenhoefer@bw.schule\">katja.unterstenhoefer@bw.schule<\/a><\/td>\n<\/tr>\n<tr style=\"height: 10px;\">\n<td style=\"height: 63px; width: 25.8333%;\" width=\"149\">\n<p>Frau Willig<\/p>\n<\/td>\n<td style=\"height: 63px; width: 28.6442%;\" colspan=\"2\" width=\"85\">\n<p>nach Vereinbarung<\/p>\n<\/td>\n<td style=\"height: 63px; width: 45.4167%;\" width=\"321\"><a href=\"mailto:sybille.willig@bw.schule\">sybille.willig@bw.schule<\/a><\/td>\n<\/tr>\n<tr style=\"height: 10px;\">\n<td style=\"width: 25.8333%; height: 57px;\">\n<p>Frau Winkelmann<\/p>\n<\/td>\n<td style=\"height: 57px; width: 28.6442%;\" colspan=\"2\">\n<p>nach Vereinbarung<\/p>\n<\/td>\n<td style=\"width: 45.4167%; height: 57px;\">\n<p><a href=\"mailto:jasmin.winkelmann@bw.schule\">jasmin.winkelmann@bw.schule<\/a><\/p>\n<\/td>\n<\/tr>\n<tr style=\"height: 10px;\">\n<td style=\"height: 70px; width: 25.8333%;\" width=\"149\">\n<p>Frau Wolfram<\/p>\n<\/td>\n<td style=\"height: 70px; width: 28.6442%;\" colspan=\"2\" width=\"85\">\n<p>nach Vereinbarung<\/p>\n<\/td>\n<td style=\"height: 70px; width: 45.4167%;\" width=\"321\"><a href=\"mailto:tina.wolfram@bw.schule\">tina.wolfram@bw.schule<\/a><\/td>\n<\/tr>\n<tr style=\"height: 10px;\">\n<td style=\"height: 102px; width: 25.8333%;\" width=\"149\">\n<p>Herr Leo L\u00f6ffler <em>\u00a0Schulsozialarbeiter<\/em><\/p>\n<\/td>\n<td style=\"height: 102px; width: 28.6442%;\" colspan=\"2\" width=\"170\">\n<p>nach Vereinbarung<\/p>\n<\/td>\n<td style=\"height: 102px; width: 45.4167%;\" width=\"321\">\n<p><a href=\"mailto:le.loeffler@mariaberg.de\">le.loeffler@mariaberg.de<\/a><\/p>\n<\/td>\n<\/tr>\n<\/tbody>\n<\/table>\n\n\n<p>Bitte melden Sie Ihren Gespr\u00e4chswunsch rechtzeitig, entweder telefonisch im Sekretariat, oder \u00fcber den Schul-Messenger SDUI oder via E-Mail bei der jeweiligen Lehrkraft an. Wir bitten um Verst\u00e4ndnis, wenn durch kurzfristig anfallende Vertretungen, oder dienstliche Erfordernisse nicht jeder Gespr\u00e4chswunsch sofort umgesetzt werden kann.<\/p>\n<p>Nutzen Sie zur Kommunikation mit den Lehrkr\u00e4ften den Schul-Messenger SDUI oder die dienstliche Mailadresse.\u00a0<\/p>\n<p>Nutzen Sie zur Kommunikation mit der Schulleitung die dienstliche Mailadresse.\u00a0<\/p>","protected":false},"excerpt":{"rendered":"<p>Erreichbarkeit der Lehrkr\u00e4fte im Schuljahr 2025\/26 Schulleitung Sprechstunde E-Mail Adresse Herr Dr. Probst \u00a0nach Vereinbarung schulleitung@04143935.schule.bwl.de Herr Lebherz \u00a0nach Vereinbarung ssl@04143935.schule.bwl.de Lehrkr\u00e4fte: \u00a0 \u00a0 Herr Amstadt nach Vereinbarung patrick.amstadt@bw.schule Frau &hellip; <\/p>","protected":false},"author":1,"featured_media":0,"parent":340,"menu_order":0,"comment_status":"closed","ping_status":"closed","template":"","meta":{"footnotes":""},"class_list":["post-406","page","type-page","status-publish","hentry"],"_links":{"self":[{"href":"https:\/\/www.schulzentrum-stetten-akm.de\/sr\/wp-json\/wp\/v2\/pages\/406","targetHints":{"allow":["GET"]}}],"collection":[{"href":"https:\/\/www.schulzentrum-stetten-akm.de\/sr\/wp-json\/wp\/v2\/pages"}],"about":[{"href":"https:\/\/www.schulzentrum-stetten-akm.de\/sr\/wp-json\/wp\/v2\/types\/page"}],"author":[{"embeddable":true,"href":"https:\/\/www.schulzentrum-stetten-akm.de\/sr\/wp-json\/wp\/v2\/users\/1"}],"replies":[{"embeddable":true,"href":"https:\/\/www.schulzentrum-stetten-akm.de\/sr\/wp-json\/wp\/v2\/comments?post=406"}],"version-history":[{"count":53,"href":"https:\/\/www.schulzentrum-stetten-akm.de\/sr\/wp-json\/wp\/v2\/pages\/406\/revisions"}],"predecessor-version":[{"id":8674,"href":"https:\/\/www.schulzentrum-stetten-akm.de\/sr\/wp-json\/wp\/v2\/pages\/406\/revisions\/8674"}],"up":[{"embeddable":true,"href":"https:\/\/www.schulzentrum-stetten-akm.de\/sr\/wp-json\/wp\/v2\/pages\/340"}],"wp:attachment":[{"href":"https:\/\/www.schulzentrum-stetten-akm.de\/sr\/wp-json\/wp\/v2\/media?parent=406"}],"curies":[{"name":"wp","href":"https:\/\/api.w.org\/{rel}","templated":true}]}}