{"id":402,"date":"2018-10-16T21:36:29","date_gmt":"2018-10-16T19:36:29","guid":{"rendered":"https:\/\/www.schulzentrum-stetten-akm.sig.schule-bw.de\/?page_id=402"},"modified":"2024-07-01T09:55:36","modified_gmt":"2024-07-01T07:55:36","slug":"schulwegeplan","status":"publish","type":"page","link":"https:\/\/www.schulzentrum-stetten-akm.de\/sr\/eltern\/schulwegeplan\/","title":{"rendered":"Schulwegeplan"},"content":{"rendered":"<p class=\"bodytext\">Von der Verkehrswacht bei der Polizeidirektion Sigmaringen erarbeitete Schulwegepl\u00e4ne.<\/p>\n<p class=\"bodytext\">Diese k\u00f6nnen sie hier mit Erl\u00e4uterungen als PDF runterladen.<\/p>\n<p class=\"bodytext\">Allgemeine Hinweise zum Schulweg<\/p>\n<p class=\"bodytext\">Schulwegplan Stetten am kalten Markt<\/p>\n<p class=\"bodytext\">Schulwegplan der Ortsteile<\/p>\n<p class=\"bodytext\">Erl\u00e4uterungen zu den Schulwegen<\/p>\n<p><a href=\"https:\/\/www.schulzentrum-stetten-akm.de\/wp-content\/uploads\/2018\/11\/Schulwegplan_02_Ortsteile.jpg\"><img loading=\"lazy\" decoding=\"async\" class=\"alignnone wp-image-487 size-medium\" src=\"https:\/\/www.schulzentrum-stetten-akm.de\/wp-content\/uploads\/2018\/11\/Schulwegplan_02_Ortsteile-207x300.jpg\" alt=\"\" width=\"207\" height=\"300\" srcset=\"https:\/\/www.schulzentrum-stetten-akm.de\/wp-content\/uploads\/2018\/11\/Schulwegplan_02_Ortsteile-207x300.jpg 207w, https:\/\/www.schulzentrum-stetten-akm.de\/wp-content\/uploads\/2018\/11\/Schulwegplan_02_Ortsteile.jpg 649w\" sizes=\"auto, (max-width: 207px) 100vw, 207px\" \/><\/a><\/p>\n<p><a href=\"https:\/\/www.schulzentrum-stetten-akm.de\/wp-content\/uploads\/2018\/11\/Schulwegeplan_01_Stetten.jpg\"><img loading=\"lazy\" decoding=\"async\" class=\"alignnone wp-image-488 size-medium\" src=\"https:\/\/www.schulzentrum-stetten-akm.de\/wp-content\/uploads\/2018\/11\/Schulwegeplan_01_Stetten-300x212.jpg\" alt=\"\" width=\"300\" height=\"212\" srcset=\"https:\/\/www.schulzentrum-stetten-akm.de\/wp-content\/uploads\/2018\/11\/Schulwegeplan_01_Stetten-300x212.jpg 300w, https:\/\/www.schulzentrum-stetten-akm.de\/wp-content\/uploads\/2018\/11\/Schulwegeplan_01_Stetten-768x543.jpg 768w, https:\/\/www.schulzentrum-stetten-akm.de\/wp-content\/uploads\/2018\/11\/Schulwegeplan_01_Stetten-770x544.jpg 770w, https:\/\/www.schulzentrum-stetten-akm.de\/wp-content\/uploads\/2018\/11\/Schulwegeplan_01_Stetten.jpg 954w\" sizes=\"auto, (max-width: 300px) 100vw, 300px\" \/><\/a><\/p>","protected":false},"excerpt":{"rendered":"<p>Von der Verkehrswacht bei der Polizeidirektion Sigmaringen erarbeitete Schulwegepl\u00e4ne. Diese k\u00f6nnen sie hier mit Erl\u00e4uterungen als PDF runterladen. Allgemeine Hinweise zum Schulweg Schulwegplan Stetten am kalten Markt Schulwegplan der Ortsteile &hellip; <\/p>","protected":false},"author":1,"featured_media":0,"parent":342,"menu_order":0,"comment_status":"closed","ping_status":"closed","template":"","meta":{"footnotes":""},"class_list":["post-402","page","type-page","status-publish","hentry"],"_links":{"self":[{"href":"https:\/\/www.schulzentrum-stetten-akm.de\/sr\/wp-json\/wp\/v2\/pages\/402","targetHints":{"allow":["GET"]}}],"collection":[{"href":"https:\/\/www.schulzentrum-stetten-akm.de\/sr\/wp-json\/wp\/v2\/pages"}],"about":[{"href":"https:\/\/www.schulzentrum-stetten-akm.de\/sr\/wp-json\/wp\/v2\/types\/page"}],"author":[{"embeddable":true,"href":"https:\/\/www.schulzentrum-stetten-akm.de\/sr\/wp-json\/wp\/v2\/users\/1"}],"replies":[{"embeddable":true,"href":"https:\/\/www.schulzentrum-stetten-akm.de\/sr\/wp-json\/wp\/v2\/comments?post=402"}],"version-history":[{"count":5,"href":"https:\/\/www.schulzentrum-stetten-akm.de\/sr\/wp-json\/wp\/v2\/pages\/402\/revisions"}],"predecessor-version":[{"id":6963,"href":"https:\/\/www.schulzentrum-stetten-akm.de\/sr\/wp-json\/wp\/v2\/pages\/402\/revisions\/6963"}],"up":[{"embeddable":true,"href":"https:\/\/www.schulzentrum-stetten-akm.de\/sr\/wp-json\/wp\/v2\/pages\/342"}],"wp:attachment":[{"href":"https:\/\/www.schulzentrum-stetten-akm.de\/sr\/wp-json\/wp\/v2\/media?parent=402"}],"curies":[{"name":"wp","href":"https:\/\/api.w.org\/{rel}","templated":true}]}}