{"id":996,"date":"2020-03-09T17:40:34","date_gmt":"2020-03-09T16:40:34","guid":{"rendered":"https:\/\/www.schulzentrum-stetten-akm.de\/?page_id=996"},"modified":"2020-06-13T09:58:19","modified_gmt":"2020-06-13T07:58:19","slug":"conoplan","status":"publish","type":"page","link":"https:\/\/www.schulzentrum-stetten-akm.de\/ru\/conoplan\/","title":{"rendered":"\u041e\u0431\u043c\u0435\u043d \u043c\u0430\u0442\u0435\u0440\u0438\u0430\u043b\u0430\u043c\u0438"},"content":{"rendered":"<div class=\"wp-block-image\"><figure class=\"aligncenter size-medium\"><img loading=\"lazy\" decoding=\"async\" width=\"300\" height=\"157\" src=\"https:\/\/www.schulzentrum-stetten-akm.de\/wp-content\/uploads\/2020\/03\/lernen-300x157.jpg\" alt=\"\" class=\"wp-image-1003\" srcset=\"https:\/\/www.schulzentrum-stetten-akm.de\/wp-content\/uploads\/2020\/03\/lernen-300x157.jpg 300w, https:\/\/www.schulzentrum-stetten-akm.de\/wp-content\/uploads\/2020\/03\/lernen-768x403.jpg 768w, https:\/\/www.schulzentrum-stetten-akm.de\/wp-content\/uploads\/2020\/03\/lernen.jpg 900w\" sizes=\"auto, (max-width: 300px) 100vw, 300px\" \/><\/figure><\/div>\n\n\n\n<p class=\"has-text-align-center has-large-font-size\">\u0423\u0447\u0435\u0431\u043d\u044b\u0435 \u043f\u043b\u0430\u043d\u044b \u0434\u043b\u044f \u0441\u043e\u043e\u0442\u0432\u0435\u0442\u0441\u0442\u0432\u0443\u044e\u0449\u0438\u0445 \u043a\u043b\u0430\u0441\u0441\u043e\u0432<\/p>\n\n\n\n<p>\u041f\u0435\u0440\u0435\u0445\u043e\u0434 \u043e\u0442 \"\u043f\u0440\u0435\u043f\u043e\u0434\u0430\u0432\u0430\u043d\u0438\u044f \u0432 \u0448\u043a\u043e\u043b\u0435\" \u043a \"\u043f\u0440\u0435\u043f\u043e\u0434\u0430\u0432\u0430\u043d\u0438\u044e \u0434\u043e\u043c\u0430\" \u0441\u0442\u0430\u043d\u0435\u0442 \u043f\u0435\u0440\u0435\u0441\u0442\u0440\u043e\u0439\u043a\u043e\u0439 \u0434\u043b\u044f \u0432\u0441\u0435\u0445 \u043d\u0430\u0441, \u043e\u0441\u043e\u0431\u0435\u043d\u043d\u043e \u0434\u043b\u044f \u0443\u0447\u0435\u043d\u0438\u043a\u043e\u0432 \u0438 \u043f\u0430\u0440\u0442\u043d\u0435\u0440\u043e\u0432 \u043f\u043e \u043e\u0431\u0443\u0447\u0435\u043d\u0438\u044e. \u041f\u0440\u0438\u0432\u0435\u0434\u0435\u043d\u043d\u044b\u0435 \u043d\u0438\u0436\u0435 \u0441\u043e\u0432\u0435\u0442\u044b \u0434\u043e\u043b\u0436\u043d\u044b \u043f\u043e\u043c\u043e\u0447\u044c \u0445\u043e\u0440\u043e\u0448\u043e \u0438 \u044d\u0444\u0444\u0435\u043a\u0442\u0438\u0432\u043d\u043e \u043e\u0441\u0432\u043e\u0438\u0442\u044c \u044d\u0442\u0443 \u043d\u043e\u0432\u0443\u044e \u0441\u0438\u0442\u0443\u0430\u0446\u0438\u044e.<br>\u0415\u0436\u0435\u0434\u043d\u0435\u0432\u043d\u0430\u044f \u0440\u0430\u0431\u043e\u0442\u0430 \u043d\u0430\u0434 \u0448\u043a\u043e\u043b\u044c\u043d\u044b\u043c\u0438 \u043c\u0430\u0442\u0435\u0440\u0438\u0430\u043b\u0430\u043c\u0438 \u0434\u043e\u043b\u0436\u043d\u0430 \u043f\u0440\u043e\u0432\u043e\u0434\u0438\u0442\u044c\u0441\u044f, \u043d\u0430\u0447\u0438\u043d\u0430\u044f \u0441 5-\u0433\u043e \u0443\u0440\u043e\u0432\u043d\u044f&nbsp;<em>\u043a\u0430\u043a \u043c\u0438\u043d\u0438\u043c\u0443\u043c&nbsp;<strong>\u0447\u0435\u0442\u044b\u0440\u0435<\/strong>&nbsp;\u0427\u0430\u0441\u044b<\/em>\u0412\u043a\u043b\u044e\u0447\u0430\u0442\u044c \u0432 \u044d\u043a\u0437\u0430\u043c\u0435\u043d\u0430\u0446\u0438\u043e\u043d\u043d\u044b\u0435 \u043a\u043b\u0430\u0441\u0441\u044b \u0431\u043e\u043b\u044c\u0448\u0435.<\/p>\n\n\n\n<p><strong>\u041d\u0430\u0447\u0430\u043b\u044c\u043d\u0430\u044f \u0448\u043a\u043e\u043b\u0430:<\/strong><br \/>1-4 \u043a\u043b\u0430\u0441\u0441 \u0435\u0436\u0435\u0434\u043d\u0435\u0432\u043d\u043e: \u043c\u0438\u043d. 3-4 \u0447\u0430\u0441\u0430<br \/><br \/><strong>\u0421\u0440\u0435\u0434\u043d\u044f\u044f \u0448\u043a\u043e\u043b\u0430 (5 - 10):<\/strong> <br \/>\u043d\u0435 \u043c\u0435\u043d\u0435\u0435 4 \u0447\u0430\u0441\u043e\u0432 \u0435\u0436\u0435\u0434\u043d\u0435\u0432\u043d\u043e, <br \/><span style=\"color: #ff0000;\">\u0432 \u044d\u043a\u0437\u0430\u043c\u0435\u043d\u0430\u0446\u0438\u043e\u043d\u043d\u044b\u0445 \u043a\u043b\u0430\u0441\u0441\u0430\u0445 (RS 10 \u0438 G-level 9) \u0431\u043e\u043b\u0435\u0435 -&gt; 4-6 \u0447\u0430\u0441\u043e\u0432<\/span><\/p>\n\n\n\n<p class=\"has-background has-luminous-vivid-orange-background-color\">\u041c\u044b \u0440\u0435\u043a\u043e\u043c\u0435\u043d\u0434\u0443\u0435\u043c \u043d\u0430\u0447\u0438\u043d\u0430\u0442\u044c \u0440\u0430\u0431\u043e\u0447\u0438\u0439 \u0434\u0435\u043d\u044c \u0432\u043e\u0432\u0440\u0435\u043c\u044f (\u043e\u043a\u043e\u043b\u043e 8 \u0447\u0430\u0441\u043e\u0432 \u0443\u0442\u0440\u0430) \u0438 \u0440\u0430\u0431\u043e\u0442\u0430\u0442\u044c \u044d\u0444\u0444\u0435\u043a\u0442\u0438\u0432\u043d\u043e, \u0441 \u043e\u0431\u044b\u0447\u043d\u044b\u043c\u0438 \u043f\u0435\u0440\u0435\u0440\u044b\u0432\u0430\u043c\u0438, \u0436\u0435\u043b\u0430\u0442\u0435\u043b\u044c\u043d\u043e \u043d\u0430 \u0441\u0432\u0435\u0436\u0435\u043c \u0432\u043e\u0437\u0434\u0443\u0445\u0435.<\/p>\n\n\n\n<p>\u0412 \u0441\u043b\u0443\u0447\u0430\u0435 \u0432\u043e\u0437\u043d\u0438\u043a\u043d\u043e\u0432\u0435\u043d\u0438\u044f \u043f\u0440\u043e\u0431\u043b\u0435\u043c \u0441\u043d\u0430\u0447\u0430\u043b\u0430 \u043e\u0431\u0440\u0430\u0442\u0438\u0442\u0435\u0441\u044c \u043d\u0430 \u0433\u043b\u0430\u0432\u043d\u0443\u044e \u0441\u0442\u0440\u0430\u043d\u0438\u0446\u0443 \u0441\u0430\u0439\u0442\u0430, \u0437\u0430\u0442\u0435\u043c \u043a \u0441\u043e\u043a\u0443\u0440\u0441\u043d\u0438\u043a\u0430\u043c (\u043f\u043e \u0442\u0435\u043b\u0435\u0444\u043e\u043d\u0443), \u0430 \u0435\u0441\u043b\u0438 \u044d\u0442\u043e \u043d\u0435 \u043f\u043e\u043c\u043e\u0436\u0435\u0442 \u0440\u0435\u0448\u0438\u0442\u044c \u043f\u0440\u043e\u0431\u043b\u0435\u043c\u0443, \u043e\u0431\u0440\u0430\u0442\u0438\u0442\u0435\u0441\u044c \u0432 \u0441\u043e\u043e\u0442\u0432\u0435\u0442\u0441\u0442\u0432\u0443\u044e\u0449\u0438\u0435 \u043e\u0440\u0433\u0430\u043d\u044b. <a href=\"https:\/\/www.schulzentrum-stetten-akm.de\/ru\/lehrer\/\u0440\u0430\u0431\u043e\u0447\u0438\u0435-\u0447\u0430\u0441\u044b\/\">\u041f\u0440\u0435\u043f\u043e\u0434\u0430\u0432\u0430\u0442\u0435\u043b\u0438 \u043f\u043e \u043f\u043e\u0447\u0442\u0435<\/a>. <\/p>\n\n\n\n<p>\u041a\u043e\u043c\u043f\u043b\u0435\u043a\u0442\u044b \u0443\u0447\u0435\u0431\u043d\u043e-\u043c\u0435\u0442\u043e\u0434\u0438\u0447\u0435\u0441\u043a\u0438\u0445 \u0437\u0430\u0434\u0430\u043d\u0438\u0439 \u0441\u043d\u0430\u0431\u0436\u0435\u043d\u044b \u043f\u043e\u0434\u0440\u043e\u0431\u043d\u044b\u043c \u043e\u043f\u0438\u0441\u0430\u043d\u0438\u0435\u043c <strong>\u0434\u043e \u0442\u0435\u0445 \u043f\u043e\u0440, \u043f\u043e\u043a\u0430<\/strong> \u043e\u043d\u0438 \u0434\u043e\u043b\u0436\u043d\u044b \u0431\u044b\u0442\u044c \u0432\u044b\u043f\u043e\u043b\u043d\u0435\u043d\u044b - \u0438\u0445 \u043d\u0435\u043e\u0431\u0445\u043e\u0434\u0438\u043c\u043e \u0441\u043e\u0431\u043b\u044e\u0434\u0430\u0442\u044c \u0438 \u0441\u043e\u043e\u0442\u0432\u0435\u0442\u0441\u0442\u0432\u0443\u044e\u0449\u0438\u043c \u043e\u0431\u0440\u0430\u0437\u043e\u043c \u0441\u0442\u0440\u043e\u0438\u0442\u044c \u0434\u043d\u0438.<\/p>\n\n\n\n<p>\u041b\u0438\u0441\u0442\u044b \u0441 \u0440\u0435\u0448\u0435\u043d\u0438\u044f\u043c\u0438 \u0438 \u0434\u043e\u043f\u043e\u043b\u043d\u0438\u0442\u0435\u043b\u044c\u043d\u044b\u0435 \u043f\u0440\u0438\u043c\u0435\u0447\u0430\u043d\u0438\u044f \u043f\u0440\u0438 \u043d\u0435\u043e\u0431\u0445\u043e\u0434\u0438\u043c\u043e\u0441\u0442\u0438 \u043d\u0430 \u044d\u0442\u043e\u0439 \u0441\u0442\u0440\u0430\u043d\u0438\u0446\u0435.<\/p>\n\n\n\n<div class=\"wp-block-button aligncenter is-style-outline is-style-outline--1\"><a class=\"wp-block-button__link has-text-color has-very-light-gray-color has-background has-vivid-red-background-color\" href=\"https:\/\/www.schulzentrum-stetten-akm.de\/wp-content\/uploads\/2020\/04\/Elterninformation-Lernen-zu-Hause-Stand-20-4-2020.pdf\">\u0421\u043e\u0432\u0435\u0442\u044b \u043f\u043e \u043e\u0431\u0443\u0447\u0435\u043d\u0438\u044e \u0421\u043e\u0432\u0435\u0442\u044b \u043e\u0442 ZSL<\/a><\/div>\n\n\n\n<hr class=\"wp-block-separator is-style-wide\"\/>\n\n\n\n<div class=\"wp-block-columns is-layout-flex wp-container-core-columns-is-layout-1 wp-block-columns-is-layout-flex\">\n<div class=\"wp-block-column is-layout-flow wp-block-column-is-layout-flow\" style=\"flex-basis:33.34%\">\n<p class=\"has-text-align-center has-large-font-size\"><span style=\"color:#0693e3\" class=\"tadv-color\">\u041d\u0430\u0447\u0430\u043b\u044c\u043d\u0430\u044f \u0448\u043a\u043e\u043b\u0430<\/span><\/p>\n\n\n\n<hr class=\"wp-block-separator is-style-wide\"\/>\n\n\n\n<div class=\"wp-block-button aligncenter\"><a class=\"wp-block-button__link has-text-color has-very-dark-gray-color has-background has-vivid-cyan-blue-background-color\" href=\"https:\/\/www.schulzentrum-stetten-akm.de\/ru\/\u043a\u043b\u0430\u0441\u0441-1-\u043f\u043e\u0441\u043b\u0435-\u043f\u044f\u0442\u0438\u0434\u0435\u0441\u044f\u0442\u043d\u0438\u0446\u044b\/\" target=\"_blank\" rel=\"noreferrer noopener\">\u041a\u043b\u0430\u0441\u0441 1<\/a><\/div>\n\n\n\n<div class=\"wp-block-button aligncenter\"><a class=\"wp-block-button__link has-text-color has-very-dark-gray-color has-background has-vivid-cyan-blue-background-color\" href=\"https:\/\/www.schulzentrum-stetten-akm.de\/ru\/klasse-2-nach-pfingsten\/\" target=\"_blank\" rel=\"noreferrer noopener\">2 \u043a\u043b\u0430\u0441\u0441<\/a><\/div>\n\n\n\n<div class=\"wp-block-button aligncenter\"><a class=\"wp-block-button__link has-text-color has-very-dark-gray-color has-background has-vivid-cyan-blue-background-color\" href=\"https:\/\/www.schulzentrum-stetten-akm.de\/ru\/klasse-3\/\" target=\"_blank\" rel=\"noreferrer noopener\">3 \u043a\u043b\u0430\u0441\u0441 <\/a><\/div>\n\n\n\n<div class=\"wp-block-button aligncenter\"><a class=\"wp-block-button__link has-text-color has-very-dark-gray-color has-background has-vivid-cyan-blue-background-color\" href=\"https:\/\/www.schulzentrum-stetten-akm.de\/ru\/klasse-4\/\" target=\"_blank\" rel=\"noreferrer noopener\">4 \u043a\u043b\u0430\u0441\u0441<\/a><\/div>\n\n\n\n<div class=\"wp-block-button aligncenter\"><a class=\"wp-block-button__link has-text-color has-luminous-vivid-amber-color\" href=\"https:\/\/www.schulzentrum-stetten-akm.de\/ru\/sport-gs\/\">Sport GS<br>\u043f\u0435\u0440\u0435\u0434 \u041f\u0430\u0441\u0445\u043e\u0439<\/a><\/div>\n<\/div>\n\n\n\n<div class=\"wp-block-column is-layout-flow wp-block-column-is-layout-flow\" style=\"flex-basis:33.34%\">\n<p class=\"has-text-align-center has-large-font-size\"><span style=\"color:#8ed1fc\" class=\"tadv-color\">\u0412\u0442\u043e\u0440\u0438\u0447\u043d\u044b\u0439<\/span><\/p>\n\n\n\n<hr class=\"wp-block-separator is-style-wide\"\/>\n\n\n\n<div class=\"wp-block-button aligncenter\"><a class=\"wp-block-button__link has-text-color has-very-dark-gray-color has-background has-pale-cyan-blue-background-color\" href=\"https:\/\/www.schulzentrum-stetten-akm.de\/ru\/lerngruppe-5\/\" target=\"_blank\" rel=\"noreferrer noopener\">\u0418\u0441\u0441\u043b\u0435\u0434\u043e\u0432\u0430\u0442\u0435\u043b\u044c\u0441\u043a\u0430\u044f \u0433\u0440\u0443\u043f\u043f\u0430 5<\/a><\/div>\n\n\n\n<div class=\"wp-block-button aligncenter\"><a class=\"wp-block-button__link has-text-color has-very-dark-gray-color has-background has-pale-cyan-blue-background-color\" href=\"https:\/\/www.schulzentrum-stetten-akm.de\/ru\/lerngruppe-6\/\" target=\"_blank\" rel=\"noreferrer noopener\">\u0418\u0441\u0441\u043b\u0435\u0434\u043e\u0432\u0430\u0442\u0435\u043b\u044c\u0441\u043a\u0430\u044f \u0433\u0440\u0443\u043f\u043f\u0430 6<\/a><\/div>\n\n\n\n<div class=\"wp-block-button aligncenter\"><a class=\"wp-block-button__link has-text-color has-very-dark-gray-color has-background has-pale-cyan-blue-background-color\" href=\"https:\/\/www.schulzentrum-stetten-akm.de\/ru\/lerngruppe-7\/\" target=\"_blank\" rel=\"noreferrer noopener\">\u0418\u0441\u0441\u043b\u0435\u0434\u043e\u0432\u0430\u0442\u0435\u043b\u044c\u0441\u043a\u0430\u044f \u0433\u0440\u0443\u043f\u043f\u0430 7<\/a><\/div>\n\n\n\n<div class=\"wp-block-button aligncenter\"><a class=\"wp-block-button__link has-text-color has-very-dark-gray-color has-background has-pale-cyan-blue-background-color\" href=\"https:\/\/www.schulzentrum-stetten-akm.de\/ru\/lerngruppe-8\/\" target=\"_blank\" rel=\"noreferrer noopener\">\u0418\u0441\u0441\u043b\u0435\u0434\u043e\u0432\u0430\u0442\u0435\u043b\u044c\u0441\u043a\u0430\u044f \u0433\u0440\u0443\u043f\u043f\u0430 8<\/a><\/div>\n\n\n\n<div class=\"wp-block-button aligncenter\"><a class=\"wp-block-button__link has-text-color has-very-dark-gray-color has-background has-pale-cyan-blue-background-color\" href=\"https:\/\/www.schulzentrum-stetten-akm.de\/ru\/lerngruppen-9\/\" target=\"_blank\" rel=\"noreferrer noopener\">\u0423\u0447\u0435\u0431\u043d\u0430\u044f \u0433\u0440\u0443\u043f\u043f\u0430 9<\/a><\/div>\n\n\n\n<div class=\"wp-block-button aligncenter\"><a class=\"wp-block-button__link has-text-color has-very-dark-gray-color has-background has-pale-cyan-blue-background-color\" href=\"https:\/\/www.schulzentrum-stetten-akm.de\/ru\/lerngruppe-10-2\/\" target=\"_blank\" rel=\"noreferrer noopener\">\u0418\u0441\u0441\u043b\u0435\u0434\u043e\u0432\u0430\u0442\u0435\u043b\u044c\u0441\u043a\u0430\u044f \u0433\u0440\u0443\u043f\u043f\u0430 10<\/a><\/div>\n\n\n\n<div class=\"wp-block-button aligncenter\"><a class=\"wp-block-button__link has-text-color has-luminous-vivid-amber-color\" href=\"https:\/\/www.schulzentrum-stetten-akm.de\/wp-content\/uploads\/2020\/03\/Sportplan-Lerngruppe-5-bis-10.pdf\">\u0421\u043f\u043e\u0440\u0442 GMS<br>\u043f\u0435\u0440\u0435\u0434 \u041f\u0430\u0441\u0445\u043e\u0439<\/a><\/div>\n<\/div>\n\n\n\n<div class=\"wp-block-column is-layout-flow wp-block-column-is-layout-flow\" style=\"flex-basis:33.33%\">\n<p class=\"has-text-align-center has-large-font-size\"><span style=\"color:#cf2e2e\" class=\"tadv-color\">\u0421\u0441\u044b\u043b\u043a\u0438<\/span> <\/p>\n\n\n\n<div class=\"wp-block-button aligncenter\"><a class=\"wp-block-button__link has-text-color has-pale-cyan-blue-color has-background\" href=\"https:\/\/moodle.schulzentrum-stetten-akm.de\/moodle\/blocks\/exa2fa\/login\/\" style=\"background-color:#eef3f5\" target=\"_blank\" rel=\"noreferrer noopener\"><img loading=\"lazy\" decoding=\"async\" width=\"150\" height=\"37\" class=\"wp-image-3502\" style=\"width: 150px;\" src=\"https:\/\/www.schulzentrum-stetten-akm.de\/wp-content\/uploads\/2020\/05\/Moodle-logo-large-scaled.jpg\" alt=\"\" srcset=\"https:\/\/www.schulzentrum-stetten-akm.de\/wp-content\/uploads\/2020\/05\/Moodle-logo-large-scaled.jpg 2048w, https:\/\/www.schulzentrum-stetten-akm.de\/wp-content\/uploads\/2020\/05\/Moodle-logo-large-300x74.jpg 300w, https:\/\/www.schulzentrum-stetten-akm.de\/wp-content\/uploads\/2020\/05\/Moodle-logo-large-1024x253.jpg 1024w, https:\/\/www.schulzentrum-stetten-akm.de\/wp-content\/uploads\/2020\/05\/Moodle-logo-large-768x190.jpg 768w, https:\/\/www.schulzentrum-stetten-akm.de\/wp-content\/uploads\/2020\/05\/Moodle-logo-large-1536x380.jpg 1536w\" sizes=\"auto, (max-width: 150px) 100vw, 150px\" \/><\/a><\/div>\n\n\n\n<p class=\"has-text-align-center has-small-font-size\">\u041d\u0430\u0436\u043c\u0438\u0442\u0435 \u0437\u0434\u0435\u0441\u044c \u0434\u043b\u044f \u043e\u0437\u043d\u0430\u043a\u043e\u043c\u043b\u0435\u043d\u0438\u044f \u0441 \"\u043f\u043b\u0430\u0442\u0444\u043e\u0440\u043c\u043e\u0439 Moodle\" \u043d\u0430\u0448\u0435\u0439 \u0448\u043a\u043e\u043b\u044b<\/p>\n<\/div>\n<\/div>\n\n\n\n<p class=\"has-text-align-center has-large-font-size\">\u041e\u0431\u0449\u0430\u044f \u0438\u043d\u0444\u043e\u0440\u043c\u0430\u0446\u0438\u044f<\/p>\n\n\n\n<div class=\"wp-block-button aligncenter\"><a class=\"wp-block-button__link has-background has-pale-pink-background-color\" href=\"https:\/\/www.schulzentrum-stetten-akm.de\/wp-content\/uploads\/2020\/03\/Lerntagebuch-im-Homeoffice-1.pdf\">\u0420\u0443\u043a\u043e\u0432\u043e\u0434\u0441\u0442\u0432\u043e \u043f\u043e \u0432\u0435\u0434\u0435\u043d\u0438\u044e \u0443\u0447\u0435\u0431\u043d\u043e\u0433\u043e \u0434\u043d\u0435\u0432\u043d\u0438\u043a\u0430 \u0432\u043e \u0432\u0440\u0435\u043c\u044f \u0434\u0435\u043a\u0440\u0435\u0442\u043d\u043e\u0433\u043e \u043e\u0442\u043f\u0443\u0441\u043a\u0430<\/a><\/div>\n\n\n\n<div class=\"wp-block-button aligncenter is-style-fill\"><a class=\"wp-block-button__link has-text-color has-background has-vivid-red-background-color\" href=\"https:\/\/www.schulzentrum-stetten-akm.de\/wp-content\/uploads\/2020\/03\/Musterwoche-Lerntagebuch-bis-Klasse-7-scaled.jpg\" style=\"color:#010405\" target=\"_blank\" rel=\"noreferrer noopener\"><strong>\u041a\u0430\u043a \u0432\u0435\u0441\u0442\u0438 \u0434\u043d\u0435\u0432\u043d\u0438\u043a \u043e\u0431\u0443\u0447\u0435\u043d\u0438\u044f \u0432 \u043b\u044c\u0433\u043e\u0442\u043d\u044b\u0439 \u043f\u0435\u0440\u0438\u043e\u0434 &gt; \u0423\u0447\u0435\u0431\u043d\u0430\u044f \u0433\u0440\u0443\u043f\u043f\u0430 5-7<\/strong><\/a><\/div>\n\n\n\n<div class=\"wp-block-button aligncenter is-style-fill\"><a class=\"wp-block-button__link has-text-color has-background has-luminous-vivid-orange-background-color\" href=\"https:\/\/www.schulzentrum-stetten-akm.de\/wp-content\/uploads\/2020\/03\/Musterwoche-Lerntagebuch-ab-Klasse-8-scaled.jpg\" style=\"color:#010405\" target=\"_blank\" rel=\"noreferrer noopener\"><strong>\u041a\u0430\u043a \u0432\u0435\u0441\u0442\u0438 \u0443\u0447\u0435\u0431\u043d\u044b\u0439 \u0434\u043d\u0435\u0432\u043d\u0438\u043a \u0432 \u043b\u044c\u0433\u043e\u0442\u043d\u044b\u0439 \u043f\u0435\u0440\u0438\u043e\u0434 &gt; \u0423\u0447\u0435\u0431\u043d\u0430\u044f \u0433\u0440\u0443\u043f\u043f\u0430 8-10<\/strong><\/a><\/div>\n\n\n\n<p><\/p>","protected":false},"excerpt":{"rendered":"<p>Lernpl\u00e4ne f\u00fcr die jeweiligen Klassenstufen Die Umstellung von \u201eUnterricht in der Schule\u201c zu \u201eUnterricht zu Hause\u201c wird f\u00fcr uns alle, insbesondere f\u00fcr die Sch\u00fclerInnen und LernpartnerInnen eine Umstellung sein. Die &hellip; <\/p>","protected":false},"author":1,"featured_media":0,"parent":0,"menu_order":0,"comment_status":"closed","ping_status":"closed","template":"","meta":{"footnotes":""},"class_list":["post-996","page","type-page","status-publish","hentry"],"_links":{"self":[{"href":"https:\/\/www.schulzentrum-stetten-akm.de\/ru\/wp-json\/wp\/v2\/pages\/996","targetHints":{"allow":["GET"]}}],"collection":[{"href":"https:\/\/www.schulzentrum-stetten-akm.de\/ru\/wp-json\/wp\/v2\/pages"}],"about":[{"href":"https:\/\/www.schulzentrum-stetten-akm.de\/ru\/wp-json\/wp\/v2\/types\/page"}],"author":[{"embeddable":true,"href":"https:\/\/www.schulzentrum-stetten-akm.de\/ru\/wp-json\/wp\/v2\/users\/1"}],"replies":[{"embeddable":true,"href":"https:\/\/www.schulzentrum-stetten-akm.de\/ru\/wp-json\/wp\/v2\/comments?post=996"}],"version-history":[{"count":64,"href":"https:\/\/www.schulzentrum-stetten-akm.de\/ru\/wp-json\/wp\/v2\/pages\/996\/revisions"}],"predecessor-version":[{"id":3776,"href":"https:\/\/www.schulzentrum-stetten-akm.de\/ru\/wp-json\/wp\/v2\/pages\/996\/revisions\/3776"}],"wp:attachment":[{"href":"https:\/\/www.schulzentrum-stetten-akm.de\/ru\/wp-json\/wp\/v2\/media?parent=996"}],"curies":[{"name":"wp","href":"https:\/\/api.w.org\/{rel}","templated":true}]}}