{"id":3221,"date":"2020-05-18T15:28:04","date_gmt":"2020-05-18T13:28:04","guid":{"rendered":"https:\/\/www.schulzentrum-stetten-akm.de\/?page_id=3221"},"modified":"2021-04-14T15:45:54","modified_gmt":"2021-04-14T13:45:54","slug":"soci-news","status":"publish","type":"page","link":"https:\/\/www.schulzentrum-stetten-akm.de\/ru\/soci-news\/","title":{"rendered":"\u0421\u043e\u0446\u0438\u0430\u043b\u044c\u043d\u044b\u0435 \u043d\u043e\u0432\u043e\u0441\u0442\u0438"},"content":{"rendered":"<p class=\"has-large-font-size\">\u0411\u043b\u043e\u043a\u0438\u0440\u043e\u0432\u043a\u0430<\/p>\n\n\n\n<p><span style=\"background-color: #ffffff; color: #ff0000;\"><a style=\"background-color: #ffffff; color: #ff0000;\" href=\"https:\/\/www.schulzentrum-stetten-akm.de\/wp-content\/uploads\/2021\/02\/GS_ELternbrief_Info_Padlet.pdf\" target=\"_blank\" rel=\"noopener noreferrer\">\u0429\u0435\u043b\u043a\u043d\u0438\u0442\u0435 \u0437\u0434\u0435\u0441\u044c, \u0447\u0442\u043e\u0431\u044b \u043f\u0435\u0440\u0435\u0439\u0442\u0438 \u043d\u0430 \u043d\u0430\u0448\u0443 \u0441\u0442\u0440\u0430\u043d\u0438\u0446\u0443, \u043f\u043e\u0441\u0432\u044f\u0449\u0435\u043d\u043d\u0443\u044e \u043d\u0430\u0447\u0430\u043b\u044c\u043d\u043e\u0439 \u0448\u043a\u043e\u043b\u0435! <\/a><\/span><\/p>\n\n\n\n<p>\u0417\u0434\u0435\u0441\u044c \u0432\u044b \u043c\u043e\u0436\u0435\u0442\u0435 \u0441\u043a\u0430\u0447\u0430\u0442\u044c \u043d\u043e\u0432\u044b\u0439 <span style=\"color: #ff0000;\"><a style=\"color: #ff0000;\" href=\"https:\/\/www.schulzentrum-stetten-akm.de\/wp-content\/uploads\/2021\/04\/2021_04_15_ELternbrief_Info_Padlet_f\u00fcr_Eltern_SSAStetten.doc\">\u0418\u043d\u0444\u043e\u0440\u043c\u0430\u0446\u0438\u043e\u043d\u043d\u044b\u0439 \u0431\u044e\u043b\u043b\u0435\u0442\u0435\u043d\u044c \u043d\u0430\u0447\u0430\u043b\u044c\u043d\u043e\u0439 \u0448\u043a\u043e\u043b\u044b - Padlet<\/a><\/span> \u043d\u0430 \u0430\u043f\u0440\u0435\u043b\u044c 2021 \u0433\u043e\u0434\u0430 \u0441\u043a\u0430\u0447\u0430\u0442\u044c \u0437\u0434\u0435\u0441\u044c!<\/p>\n\n\n\n<figure class=\"wp-block-image size-large\"><img loading=\"lazy\" decoding=\"async\" width=\"780\" height=\"262\" src=\"https:\/\/www.schulzentrum-stetten-akm.de\/wp-content\/uploads\/2020\/05\/Dance.png\" alt=\"\" class=\"wp-image-3277\" srcset=\"https:\/\/www.schulzentrum-stetten-akm.de\/wp-content\/uploads\/2020\/05\/Dance.png 780w, https:\/\/www.schulzentrum-stetten-akm.de\/wp-content\/uploads\/2020\/05\/Dance-300x101.png 300w, https:\/\/www.schulzentrum-stetten-akm.de\/wp-content\/uploads\/2020\/05\/Dance-768x258.png 768w\" sizes=\"auto, (max-width: 780px) 100vw, 780px\" \/><\/figure>\n\n\n\n<p>\u041f\u043e\u043c\u043d\u0438\u0442\u0435? \u0412 \u043f\u0435\u0440\u0432\u043e\u043c Lockdown \u043c\u044b \u0432\u043c\u0435\u0441\u0442\u0435 \u0442\u0430\u043d\u0446\u0435\u0432\u0430\u043b\u0438 \u043f\u0440\u043e\u0442\u0438\u0432 \u043b\u0438\u0445\u043e\u0440\u0430\u0434\u043a\u0438. \u0412\u043e\u0442 \u0441\u0441\u044b\u043b\u043a\u0430 \u043d\u0430 \u043d\u0430\u0448\u0443 \u0445\u0443\u0434\u043e\u0436\u0435\u0441\u0442\u0432\u0435\u043d\u043d\u0443\u044e \u0446\u0435\u043d\u043d\u043e\u0441\u0442\u044c \u0441\u043d\u043e\u0432\u0430!<\/p>\n\n\n\n<p class=\"has-large-font-size\">\u041b\u0435\u0432\u044b\u0439:<\/p>\n\n\n\n<p>\u0412\u0438\u0434\u0435\u043e: <a href=\"https:\/\/youtu.be\/tl6nC0fsB3M\">https:\/\/www.youtube.com\/watch?v=cKfJfEvfceA<\/a><\/p>\n\n\n\n<p>\u041c\u0443\u0437\u044b\u043a\u0430: <a href=\"https:\/\/www.youtube.com\/watch?v=tJi8brYK3Gg\" target=\"_blank\" rel=\"noreferrer noopener\" aria-label=\"https:\/\/www.youtube.com\/watch?v=tJi8brYK3Gg (\u043e\u0442\u043a\u0440\u044b\u0432\u0430\u0435\u0442\u0441\u044f \u0432 \u043d\u043e\u0432\u043e\u0439 \u0432\u043a\u043b\u0430\u0434\u043a\u0435)\">https:\/\/www.youtube.com\/watch?v=tJi8brYK3Gg<\/a><\/p>","protected":false},"excerpt":{"rendered":"<p>Lock-Down Hier kommt ihr zu unserer Padletseite f\u00fcr die Grundschule! Hier k\u00f6nnt ihr den neuen Grundschulbrief &#8211; Padlet f\u00fcr April 2021 hier runterladen! Wisst ihr noch?? Im ersten Lockdown haben &hellip; <\/p>","protected":false},"author":1,"featured_media":0,"parent":0,"menu_order":0,"comment_status":"closed","ping_status":"closed","template":"","meta":{"footnotes":""},"class_list":["post-3221","page","type-page","status-publish","hentry"],"_links":{"self":[{"href":"https:\/\/www.schulzentrum-stetten-akm.de\/ru\/wp-json\/wp\/v2\/pages\/3221","targetHints":{"allow":["GET"]}}],"collection":[{"href":"https:\/\/www.schulzentrum-stetten-akm.de\/ru\/wp-json\/wp\/v2\/pages"}],"about":[{"href":"https:\/\/www.schulzentrum-stetten-akm.de\/ru\/wp-json\/wp\/v2\/types\/page"}],"author":[{"embeddable":true,"href":"https:\/\/www.schulzentrum-stetten-akm.de\/ru\/wp-json\/wp\/v2\/users\/1"}],"replies":[{"embeddable":true,"href":"https:\/\/www.schulzentrum-stetten-akm.de\/ru\/wp-json\/wp\/v2\/comments?post=3221"}],"version-history":[{"count":13,"href":"https:\/\/www.schulzentrum-stetten-akm.de\/ru\/wp-json\/wp\/v2\/pages\/3221\/revisions"}],"predecessor-version":[{"id":4805,"href":"https:\/\/www.schulzentrum-stetten-akm.de\/ru\/wp-json\/wp\/v2\/pages\/3221\/revisions\/4805"}],"wp:attachment":[{"href":"https:\/\/www.schulzentrum-stetten-akm.de\/ru\/wp-json\/wp\/v2\/media?parent=3221"}],"curies":[{"name":"wp","href":"https:\/\/api.w.org\/{rel}","templated":true}]}}