{"id":6927,"date":"2024-06-19T16:46:24","date_gmt":"2024-06-19T14:46:24","guid":{"rendered":"https:\/\/www.schulzentrum-stetten-akm.de\/?page_id=6927"},"modified":"2025-08-28T15:12:24","modified_gmt":"2025-08-28T13:12:24","slug":"unsere-schul-und-medienordnung","status":"publish","type":"page","link":"https:\/\/www.schulzentrum-stetten-akm.de\/ro\/unsere-schul-und-medienordnung\/","title":{"rendered":"Unsere Schul- und Mediennutzungsordnung"},"content":{"rendered":"<h2 class=\"wp-block-heading\">Schulordnung<\/h2>\n\n\n\n<p>Damit sich alle an unserer Schule wohlf\u00fchlen k\u00f6nnen, halte ich mich an folgende Regeln:<\/p>\n\n\n\n<ol start=\"1\" class=\"wp-block-list\">\n<li>Ich bin h\u00f6flich und respektvoll im Umgang mit meinen Mitmenschen. Dazu geh\u00f6ren f\u00fcr mich auch Toleranz, P\u00fcnktlichkeit und der Verzicht auf Gewalt jeglicher Art.<\/li>\n\n\n\n<li>Ordnung und Sauberkeit sind mir wichtig. Deshalb gehe ich mit den Materialien, dem Schulgeb\u00e4ude und meiner Umwelt sorgsam um. Ich verzichte auf das Kauen von Kaugummis.<\/li>\n\n\n\n<li>Aus R\u00fccksicht auf andere verhalte ich mich w\u00e4hrend der Unterrichtszeiten ruhig.<\/li>\n\n\n\n<li>Ich verlasse das Schulgel\u00e4nde nicht ohne Erlaubnis.<\/li>\n\n\n\n<li>In den Pausen:\n<ul class=\"wp-block-list\">\n<li>\u2026halte ich mich in den vorgegebenen Bereichen auf.<\/li>\n\n\n\n<li>\u2026werfe ich keine Gegenst\u00e4nde &#8211; au\u00dfer daf\u00fcr vorgesehene Spielger\u00e4te.<\/li>\n\n\n\n<li>\u2026verwende ich keine Fahrzeuge.<\/li>\n<\/ul>\n<\/li>\n\n\n\n<li>Im Schulgeb\u00e4ude\u2026\n<ul class=\"wp-block-list\">\n<li>\u2026gehe ich leise.<\/li>\n\n\n\n<li>\u2026benutze ich keine Spielger\u00e4te.<\/li>\n\n\n\n<li>\u2026benutze ich den Gang vor dem Sekretariat nur, wenn ich einen wichtigen Grund habe.<\/li>\n<\/ul>\n<\/li>\n\n\n\n<li>Ich halte mich an die Mediennutzungsordnung.<\/li>\n\n\n\n<li>Ich halte mich an das Jugendschutzgesetz, rauche nicht und konsumiere weder Alkohol noch Drogen oder Energydrinks.<\/li>\n\n\n\n<li>Ich trage angemessene Kleidung und bringe geeignete Kleidung f\u00fcr den Sportunterricht mit.<\/li>\n\n\n\n<li>An der Bushaltestelle halte ich mich an alle Schulregeln. Ich gef\u00e4hrde weder mich noch andere.<\/li>\n<\/ol>\n\n\n\n<p>Diese Regeln gelten sowohl an der Schule als auch w\u00e4hrend schulischer Veranstaltungen.<\/p>\n\n\n\n<hr class=\"wp-block-separator has-alpha-channel-opacity is-style-dots\"\/>\n\n\n\n<h2 class=\"wp-block-heading\">Mediennutzungsordnung<\/h2>\n\n\n\n<ol start=\"1\" class=\"wp-block-list\">\n<li>W\u00e4hrend der Unterrichtszeit bleiben die Smartphones in der Handy-Garage und sind in einem komplett ger\u00e4uschlosen Zustand.<\/li>\n\n\n\n<li>Das Tragen von Smartwatches ist f\u00fcr Lernende w\u00e4hrend der Unterrichtszeit nicht gestattet.<\/li>\n\n\n\n<li>Digitale Endger\u00e4te d\u00fcrfen im Unterricht nur mit Erlaubnis der Lehrperson zu Lernzwecken genutzt werden. Bei der Arbeit mit den Ger\u00e4ten sind die Anweisungen der Lehrperson zu beachten.<\/li>\n\n\n\n<li>W\u00e4hrend Lernstand\u00fcberpr\u00fcfungen \/ Lernzielkontrollen und Pr\u00fcfungen ist das Nutzen von Smartphones und anderen digitalen Endger\u00e4ten verboten. Die unerlaubte Nutzung wird als T\u00e4uschungsversuch gewertet.<\/li>\n\n\n\n<li>Vor Unterrichtsbeginn, in den Pausen und beim Raumwechsel ist die Nutzung aller digitaler Endger\u00e4te verboten. Ausnahme: In der Mittagspause ist die Nutzung f\u00fcr Lernende ab Lernstufe 5 au\u00dferhalb der Mensa und an der Bushaltestelle au\u00dferhalb der Unterrichtszeit, erlaubt.<\/li>\n\n\n\n<li>Das Erstellen und Verbreiten von Bildern, Videos, Textmitteilungen und Sounddateien ist ohne Erlaubnis der Lehrperson und der Person, die auf den Aufnahmen zu sehen oder zu h\u00f6ren ist, nicht erlaubt.<\/li>\n\n\n\n<li>Wenn gegen die Ordnung versto\u00dfen wird, hat die Lehrperson das Recht, das Ger\u00e4t vor\u00fcbergehend einzuziehen.<\/li>\n\n\n\n<li>Bei gravierenden oder wiederholten Verst\u00f6\u00dfen gegen diese Ordnung findet ein Gespr\u00e4ch mit den Eltern und der Schulleitung statt. Dort werden auch weitere Konsequenzen besprochen.<\/li>\n\n\n\n<li>Wenn der konkrete Verdacht besteht, dass sich auf dem digitalen Endger\u00e4t strafbare Inhalte (z.B. Bilder oder Videos) befinden, kann die Schule die Polizei einschalten.<\/li>\n<\/ol>","protected":false},"excerpt":{"rendered":"<p>Schulordnung Damit sich alle an unserer Schule wohlf\u00fchlen k\u00f6nnen, halte ich mich an folgende Regeln: Diese Regeln gelten sowohl an der Schule als auch w\u00e4hrend schulischer Veranstaltungen. Mediennutzungsordnung<\/p>","protected":false},"author":48,"featured_media":0,"parent":0,"menu_order":0,"comment_status":"closed","ping_status":"closed","template":"","meta":{"footnotes":""},"class_list":["post-6927","page","type-page","status-publish","hentry"],"_links":{"self":[{"href":"https:\/\/www.schulzentrum-stetten-akm.de\/ro\/wp-json\/wp\/v2\/pages\/6927","targetHints":{"allow":["GET"]}}],"collection":[{"href":"https:\/\/www.schulzentrum-stetten-akm.de\/ro\/wp-json\/wp\/v2\/pages"}],"about":[{"href":"https:\/\/www.schulzentrum-stetten-akm.de\/ro\/wp-json\/wp\/v2\/types\/page"}],"author":[{"embeddable":true,"href":"https:\/\/www.schulzentrum-stetten-akm.de\/ro\/wp-json\/wp\/v2\/users\/48"}],"replies":[{"embeddable":true,"href":"https:\/\/www.schulzentrum-stetten-akm.de\/ro\/wp-json\/wp\/v2\/comments?post=6927"}],"version-history":[{"count":6,"href":"https:\/\/www.schulzentrum-stetten-akm.de\/ro\/wp-json\/wp\/v2\/pages\/6927\/revisions"}],"predecessor-version":[{"id":8370,"href":"https:\/\/www.schulzentrum-stetten-akm.de\/ro\/wp-json\/wp\/v2\/pages\/6927\/revisions\/8370"}],"wp:attachment":[{"href":"https:\/\/www.schulzentrum-stetten-akm.de\/ro\/wp-json\/wp\/v2\/media?parent=6927"}],"curies":[{"name":"wp","href":"https:\/\/api.w.org\/{rel}","templated":true}]}}