{"id":5220,"date":"2022-03-16T13:43:04","date_gmt":"2022-03-16T12:43:04","guid":{"rendered":"https:\/\/www.schulzentrum-stetten-akm.de\/?page_id=5220"},"modified":"2025-07-29T08:30:00","modified_gmt":"2025-07-29T06:30:00","slug":"cursuri-optionale","status":"publish","type":"page","link":"https:\/\/www.schulzentrum-stetten-akm.de\/ro\/cursuri-optionale\/","title":{"rendered":"Discipline op\u021bionale"},"content":{"rendered":"<p>In Lernstufe 5 entscheiden sich die Lernpartner:innen einer Gemeinschaftsschule f\u00fcr eines der drei Wahlpflichtf\u00e4cher<br \/>AES, Technik oder Franz\u00f6sisch, das sie ab Lernstufe 6 bis zum Abschluss belegen werden. (Info Flyer &#8222;Die neuen <a href=\"https:\/\/km-bw.de\/site\/pbs-bw-km-root\/get\/documents_E1475798166\/KULTUS.Dachmandant\/KULTUS\/KM-Homepage\/Publikationen%202015,%202016%20und%202017\/Flyer_Wahlpflichtf%C3%A4cher_2017.pdf\" target=\"_blank\" rel=\"noopener noreferrer\">Discipline op\u021bionale\")<\/a><br \/><br \/>\u00cen zilele urm\u0103toare, copilul dumneavoastr\u0103 va primi de la \u0219coal\u0103 buletinul de vot pentru disciplina op\u021bional\u0103 obligatorie. Acesta trebuie completat \u0219i returnat la \u0219coal\u0103 p\u00e2n\u0103 la 6 aprilie.<\/p>","protected":false},"excerpt":{"rendered":"<p>In Lernstufe 5 entscheiden sich die Lernpartner:innen einer Gemeinschaftsschule f\u00fcr eines der drei Wahlpflichtf\u00e4cherAES, Technik oder Franz\u00f6sisch, das sie ab Lernstufe 6 bis zum Abschluss belegen werden. (Info Flyer &#8222;Die &hellip; <\/p>","protected":false},"author":1,"featured_media":0,"parent":0,"menu_order":0,"comment_status":"closed","ping_status":"closed","template":"","meta":{"footnotes":""},"class_list":["post-5220","page","type-page","status-publish","hentry"],"_links":{"self":[{"href":"https:\/\/www.schulzentrum-stetten-akm.de\/ro\/wp-json\/wp\/v2\/pages\/5220","targetHints":{"allow":["GET"]}}],"collection":[{"href":"https:\/\/www.schulzentrum-stetten-akm.de\/ro\/wp-json\/wp\/v2\/pages"}],"about":[{"href":"https:\/\/www.schulzentrum-stetten-akm.de\/ro\/wp-json\/wp\/v2\/types\/page"}],"author":[{"embeddable":true,"href":"https:\/\/www.schulzentrum-stetten-akm.de\/ro\/wp-json\/wp\/v2\/users\/1"}],"replies":[{"embeddable":true,"href":"https:\/\/www.schulzentrum-stetten-akm.de\/ro\/wp-json\/wp\/v2\/comments?post=5220"}],"version-history":[{"count":2,"href":"https:\/\/www.schulzentrum-stetten-akm.de\/ro\/wp-json\/wp\/v2\/pages\/5220\/revisions"}],"predecessor-version":[{"id":8363,"href":"https:\/\/www.schulzentrum-stetten-akm.de\/ro\/wp-json\/wp\/v2\/pages\/5220\/revisions\/8363"}],"wp:attachment":[{"href":"https:\/\/www.schulzentrum-stetten-akm.de\/ro\/wp-json\/wp\/v2\/media?parent=5220"}],"curies":[{"name":"wp","href":"https:\/\/api.w.org\/{rel}","templated":true}]}}