{"id":4365,"date":"2020-11-18T09:51:24","date_gmt":"2020-11-18T08:51:24","guid":{"rendered":"https:\/\/www.schulzentrum-stetten-akm.de\/?page_id=4365"},"modified":"2025-11-20T10:41:18","modified_gmt":"2025-11-20T09:41:18","slug":"ingrijire-pe-toata-durata-zilei","status":"publish","type":"page","link":"https:\/\/www.schulzentrum-stetten-akm.de\/ro\/ingrijire-pe-toata-durata-zilei\/","title":{"rendered":"\u00cengrijire pe toat\u0103 durata zilei"},"content":{"rendered":"<p class=\"has-large-font-size\">la centrul \u0219colar Stetten am kalten Markt<\/p>\n\n\n\n<p>Luni - Joi: 7:35 am - 4:05 pm&nbsp;<br>Vineri: 7:35 a.m. -12:40 p.m.<\/p>\n\n\n\n<figure class=\"wp-block-table\"><table><tbody><tr><td><span style=\"color:#0693e3\" class=\"tadv-color\">Modulul 1<\/span><\/td><td><strong>Supravegherea primei ore (7.35 am - 8.20 am)&nbsp;<\/strong><\/td><\/tr><tr><td><span style=\"color:#0693e3\" class=\"tadv-color\">Modulul 2<\/span><\/td><td><strong>Supravegherea perioadei a 6-a (11.55 - 12.40)<\/strong><\/td><\/tr><tr><td><span class=\"tadv-color\" style=\"color:#0693e3\">Blocul de construc\u021bie 3<\/span><br><\/td><td><strong>Pr\u00e2nz<\/strong>&nbsp;&nbsp;&nbsp;(<strong>de la 11.55....<\/strong><br>Comand\u0103 s\u0103pt\u0103m\u00e2nal&nbsp;<strong>online<\/strong>, debitat lunar (Vinzenz Sigmaringen)&nbsp;<br>\u00censcrierea prin intermediul secretariatului \u0219colii (fi\u0219a de \u00eenscriere&nbsp;<a href=\"https:\/\/www.schulzentrum-stetten-akm.de\/wp-content\/uploads\/2020\/11\/2017_08_18-Antrag-Vinzenz.pdf\">aici<\/a>)&nbsp;<br>+&nbsp;<strong>Supravegherea temelor pentru acas\u0103\/ora de baz\u0103 .... p\u00e2n\u0103 la 14.30)<\/strong><\/td><\/tr><tr><td><span class=\"tadv-color\" style=\"color:#0693e3\">Blocul de construc\u021bie 4<\/span><\/td><td><strong>Nachmittagsprogramm<\/strong><\/td><\/tr><\/tbody><\/table><\/figure>\n\n\n\n<p class=\"has-text-align-center\"><strong>Oferta de \u00eengrijire a copiilor<\/strong><br><strong>Costul per modul 5 euro \/ lun\u0103<\/strong><br><strong>Suma maxim\u0103 75 Euro \/ lun\u0103<\/strong><\/p>\n\n\n\n<figure class=\"wp-block-table\"><table class=\"has-background\" style=\"background-color:#e7f5fe\"><tbody><tr><td><strong>Luni...&nbsp;&nbsp;<\/strong><\/td><td><strong>Joi<\/strong><\/td><td><strong>&nbsp;<\/strong><\/td><\/tr><tr><td><strong>Modulul 1<\/strong><\/td><td>07:35 - 08:20<\/td><td>Supervizare 1. ore.<\/td><\/tr><tr><td><strong>Modulul 2<\/strong><\/td><td>11:55 - 12:40<\/td><td>Supraveghere 6. ore.<\/td><\/tr><tr><td><strong>Blocul de construc\u021bie 3<\/strong><\/td><td>12:40 - 14:30<\/td><td>Betreuung Essen + Hausaufgabenbetreuung\/Betreuung<\/td><\/tr><tr><td><strong>Blocul de construc\u021bie 4<\/strong><\/td><td>14:30 - 16:05<\/td><td>Oferta de dup\u0103-amiaz\u0103<\/td><\/tr><tr><td><strong>Vineri<\/strong><\/td><td>&nbsp;<\/td><td>&nbsp;<\/td><\/tr><tr><td><strong>Modulul 1<\/strong><\/td><td>07:35 - 08:20<\/td><td>Supervizare 1. ore.<\/td><\/tr><tr><td><strong>Modulul 2<\/strong><\/td><td>11:55 - 12:40<\/td><td>Supraveghere 6. ore.<\/td><\/tr><\/tbody><\/table><\/figure>\n\n\n\n<p>Exemplu:&nbsp;<br>Elevul\/familia A are nevoie de modulul 1 \u00een ziua de luni -&gt; 1 modul a'5 Euro -&gt; 5 Euro\/lun\u0103<br>Elev\/familie B mar\u021bi modul 1, miercuri modul 3 + 4 -&gt; 3\u00d75 Euro -&gt; 15 Euro\/lun\u0103<br>Elev\/familie C de luni-joi fiecare modul 1+2+3+4, vineri modul 1+2 -&gt; 18\u00d75 75 Euro\/lun\u0103<br>Decontarea lunar\u0103 a costurilor prin emiterea unui mandat de debitare direct\u0103 SEPA de c\u0103tre municipalitatea din Stetten \u0219.a.m.d.<\/p>\n\n\n\n<p class=\"has-vivid-cyan-blue-color has-text-color has-large-font-size\">&nbsp;&nbsp;\u00cenregistrare obligatorie (pentru un semestru \u0219colar)<\/p>\n\n\n\n<ul class=\"wp-block-list\">\n<li>\u00censcrierea pentru \u00eengrijirea pe toat\u0103 durata zilei prin e-mail la&nbsp;<a href=\"mailto:ganztagesbetreuungstetten@posteo.de\">ganztagesbetreuungstetten@posteo.de<\/a><\/li>\n\n\n\n<li>Anmeldeformular Mittagsprogramm <a href=\"https:\/\/www.schulzentrum-stetten-akm.de\/wp-content\/uploads\/2025\/11\/2025-11-11_GTB_Anmeldeformular_Mittagsprogramm_1.Hj_.pdf\" data-type=\"attachment\" data-id=\"8558\" target=\"_blank\" rel=\"noreferrer noopener\"><strong>aici<\/strong><\/a><\/li>\n\n\n\n<li>Anmeldeformular GTB <strong><a href=\"https:\/\/www.schulzentrum-stetten-akm.de\/wp-content\/uploads\/2025\/09\/2025-09-09_GTB_Anmeldeformular_1._Sj_2025_2026.pdf\">aici<\/a> &nbsp;<\/strong><\/li>\n\n\n\n<li>Mandatul SEPA&nbsp;<a aria-label=\" (se deschide \u00eentr-o fil\u0103 nou\u0103)\" href=\"https:\/\/www.schulzentrum-stetten-akm.de\/wp-content\/uploads\/2020\/11\/SEPA-Mandat.pdf\" target=\"_blank\" rel=\"noreferrer noopener\"><span class=\"tadv-color\" style=\"color:#cf2e2e\"><strong>aici<\/strong><\/span><\/a><\/li>\n<\/ul>\n\n\n\n<p class=\"has-vivid-cyan-blue-color has-text-color has-large-font-size\">Persoana de contact: Manuela Keller<\/p>\n\n\n\n<p class=\"has-medium-font-size\">Detalii de contact:<\/p>\n\n\n\n<p>Ganztagsbetreuung am Schulzentrum Stetten am kalten Mark<br>Albstr. 5<br>72510 Stetten a.k.M.<br>prin intermediul secretariatului \u0219colii: 07573-9519-0<br>mobil 0163-8479707<\/p>\n\n\n<div class=\"wp-block-image\">\n<figure class=\"aligncenter size-large\"><img loading=\"lazy\" decoding=\"async\" width=\"156\" height=\"91\" src=\"https:\/\/www.schulzentrum-stetten-akm.de\/wp-content\/uploads\/2021\/01\/logo-mariaberg_farbig.jpg\" alt=\"\" class=\"wp-image-4546\"\/><\/figure><\/div>\n\n\n<p>E-mail:&nbsp;&nbsp;<a href=\"mailto:ganztagesbetreuungstetten@posteo.de\">ganztagesbetreuungstetten@posteo.de<\/a><\/p>\n\n\n\n<p class=\"has-small-font-size\">Mariaberger Training &amp; Service gGmbH<br>Unterer Torackerweg 8<br>72501 Gammertingen<br>Pagina de start:&nbsp;<a rel=\"noreferrer noopener\" href=\"http:\/\/www.mariaberg.de\/\" target=\"_blank\">www.mariaberg.de<\/a><\/p>\n\n\n\n<p class=\"has-small-font-size\">Mariaberger Ausbildung &amp; Service gGmbH: \u00eenregistrat\u0103 la registratura tribunalului districtual din Ulm HRB 710986.<br>Gesellschafter: Mariaberg e.V.&nbsp;&nbsp;&nbsp;Gesch\u00e4ftsf\u00fchrer: Heiko Stopper<\/p>\n\n\n\n<div class=\"wp-block-group\"><div class=\"wp-block-group__inner-container is-layout-constrained wp-block-group-is-layout-constrained\">\n<figure class=\"wp-block-image size-full\"><img loading=\"lazy\" decoding=\"async\" width=\"213\" height=\"159\" src=\"https:\/\/www.schulzentrum-stetten-akm.de\/wp-content\/uploads\/2023\/12\/Wirkt.jpg\" alt=\"\" class=\"wp-image-6598\" srcset=\"https:\/\/www.schulzentrum-stetten-akm.de\/wp-content\/uploads\/2023\/12\/Wirkt.jpg 213w, https:\/\/www.schulzentrum-stetten-akm.de\/wp-content\/uploads\/2023\/12\/Wirkt-16x12.jpg 16w\" sizes=\"auto, (max-width: 213px) 100vw, 213px\" \/><\/figure>\n<\/div><\/div>","protected":false},"excerpt":{"rendered":"<p>am Schulzentrum Stetten am kalten Markt Montag&nbsp;\u2013&nbsp;Donnerstag:&nbsp;7:35 Uhr&nbsp;\u2013&nbsp;16:05 Uhr&nbsp;Freitag:&nbsp;&nbsp;&nbsp;&nbsp;&nbsp;&nbsp;&nbsp;&nbsp;&nbsp;&nbsp;&nbsp;&nbsp;&nbsp;&nbsp;&nbsp;&nbsp;&nbsp;&nbsp;&nbsp;&nbsp;&nbsp;&nbsp;&nbsp;&nbsp;&nbsp;&nbsp;&nbsp;&nbsp;&nbsp;&nbsp;&nbsp;7:35 Uhr&nbsp;\u201312:40 Uhr Baustein 1 Betreuung 1. Stunde (7.35 Uhr \u2013 8.20 Uhr)&nbsp; Baustein 2 Betreuung 6. Stunde (11.55 Uhr \u2013 12.40 &hellip; <\/p>","protected":false},"author":1,"featured_media":0,"parent":0,"menu_order":0,"comment_status":"closed","ping_status":"closed","template":"","meta":{"footnotes":""},"class_list":["post-4365","page","type-page","status-publish","hentry"],"_links":{"self":[{"href":"https:\/\/www.schulzentrum-stetten-akm.de\/ro\/wp-json\/wp\/v2\/pages\/4365","targetHints":{"allow":["GET"]}}],"collection":[{"href":"https:\/\/www.schulzentrum-stetten-akm.de\/ro\/wp-json\/wp\/v2\/pages"}],"about":[{"href":"https:\/\/www.schulzentrum-stetten-akm.de\/ro\/wp-json\/wp\/v2\/types\/page"}],"author":[{"embeddable":true,"href":"https:\/\/www.schulzentrum-stetten-akm.de\/ro\/wp-json\/wp\/v2\/users\/1"}],"replies":[{"embeddable":true,"href":"https:\/\/www.schulzentrum-stetten-akm.de\/ro\/wp-json\/wp\/v2\/comments?post=4365"}],"version-history":[{"count":22,"href":"https:\/\/www.schulzentrum-stetten-akm.de\/ro\/wp-json\/wp\/v2\/pages\/4365\/revisions"}],"predecessor-version":[{"id":8559,"href":"https:\/\/www.schulzentrum-stetten-akm.de\/ro\/wp-json\/wp\/v2\/pages\/4365\/revisions\/8559"}],"wp:attachment":[{"href":"https:\/\/www.schulzentrum-stetten-akm.de\/ro\/wp-json\/wp\/v2\/media?parent=4365"}],"curies":[{"name":"wp","href":"https:\/\/api.w.org\/{rel}","templated":true}]}}