{"id":358,"date":"2018-10-16T21:26:54","date_gmt":"2018-10-16T19:26:54","guid":{"rendered":"https:\/\/www.schulzentrum-stetten-akm.sig.schule-bw.de\/?page_id=358"},"modified":"2018-11-28T10:19:29","modified_gmt":"2018-11-28T09:19:29","slug":"declaratia-de-misiune","status":"publish","type":"page","link":"https:\/\/www.schulzentrum-stetten-akm.de\/ro\/scoala-noastra\/declaratia-de-misiune\/","title":{"rendered":"Declara\u021bia de misiune"},"content":{"rendered":"<h2>Declara\u021bia noastr\u0103 de misiune<\/h2>\n<h3>\u00cen centrul nostru \u0219colar<\/h3>\n<p class=\"bodytext\">...elevii sunt \u00een centrul aten\u021biei.<br \/>\n...\u00eembin\u0103 spa\u021biul de lucru cu cel de locuit.<br \/>\n...educa\u021bia este important\u0103. Noi provoc\u0103m \u0219i \u00eencuraj\u0103m.<br \/>\n...ne trat\u0103m unii pe al\u021bii cu respect \u0219i apreciere.<br \/>\n...fiecare \u00ee\u0219i asum\u0103 responsabilitatea pentru sine \u0219i pentru ceilal\u021bi.<br \/>\n...toat\u0103 lumea poate participa la via\u021ba \u0219colar\u0103 \u0219i se poate baza pe ceilal\u021bi.<br \/>\n...lucr\u0103m \u00eempreun\u0103 \u00een mod cooperant \u0219i suntem deschi\u0219i la parteneri extracurriculari.<br \/>\n...ne ocup\u0103m de oameni \u0219i lucruri \u00eentr-un mod non-violent.<br \/>\n...ne implic\u0103m \u00een lucruri noi.<\/p>\n<p><a href=\"https:\/\/www.schulzentrum-stetten-akm.sig.schule-bw.de\/wp-content\/uploads\/2018\/11\/Leitbild.jpg\"><img loading=\"lazy\" decoding=\"async\" class=\"aligncenter wp-image-548 size-full\" src=\"https:\/\/www.schulzentrum-stetten-akm.sig.schule-bw.de\/wp-content\/uploads\/2018\/11\/Leitbild.jpg\" alt=\"\" width=\"560\" height=\"394\" srcset=\"https:\/\/www.schulzentrum-stetten-akm.de\/wp-content\/uploads\/2018\/11\/Leitbild.jpg 560w, https:\/\/www.schulzentrum-stetten-akm.de\/wp-content\/uploads\/2018\/11\/Leitbild-300x211.jpg 300w\" sizes=\"auto, (max-width: 560px) 100vw, 560px\" \/><\/a><\/p>","protected":false},"excerpt":{"rendered":"<p>Unser Leitbild In unserem Schulzentrum &#8230;stehen die Sch\u00fclerinnen und Sch\u00fcler im Mittelpunkt. &#8230;verschmilzt Arbeits- und Lebensraum. &#8230;ist Bildung wichtig. Wir fordern und f\u00f6rdern. &#8230;gehen wir respektvoll und wertsch\u00e4tzend miteinander um. &hellip; <\/p>","protected":false},"author":1,"featured_media":0,"parent":336,"menu_order":0,"comment_status":"closed","ping_status":"closed","template":"","meta":{"footnotes":""},"class_list":["post-358","page","type-page","status-publish","hentry"],"_links":{"self":[{"href":"https:\/\/www.schulzentrum-stetten-akm.de\/ro\/wp-json\/wp\/v2\/pages\/358","targetHints":{"allow":["GET"]}}],"collection":[{"href":"https:\/\/www.schulzentrum-stetten-akm.de\/ro\/wp-json\/wp\/v2\/pages"}],"about":[{"href":"https:\/\/www.schulzentrum-stetten-akm.de\/ro\/wp-json\/wp\/v2\/types\/page"}],"author":[{"embeddable":true,"href":"https:\/\/www.schulzentrum-stetten-akm.de\/ro\/wp-json\/wp\/v2\/users\/1"}],"replies":[{"embeddable":true,"href":"https:\/\/www.schulzentrum-stetten-akm.de\/ro\/wp-json\/wp\/v2\/comments?post=358"}],"version-history":[{"count":4,"href":"https:\/\/www.schulzentrum-stetten-akm.de\/ro\/wp-json\/wp\/v2\/pages\/358\/revisions"}],"predecessor-version":[{"id":549,"href":"https:\/\/www.schulzentrum-stetten-akm.de\/ro\/wp-json\/wp\/v2\/pages\/358\/revisions\/549"}],"up":[{"embeddable":true,"href":"https:\/\/www.schulzentrum-stetten-akm.de\/ro\/wp-json\/wp\/v2\/pages\/336"}],"wp:attachment":[{"href":"https:\/\/www.schulzentrum-stetten-akm.de\/ro\/wp-json\/wp\/v2\/media?parent=358"}],"curies":[{"name":"wp","href":"https:\/\/api.w.org\/{rel}","templated":true}]}}