{"id":3217,"date":"2020-05-18T15:23:18","date_gmt":"2020-05-18T13:23:18","guid":{"rendered":"https:\/\/www.schulzentrum-stetten-akm.de\/?page_id=3217"},"modified":"2025-11-11T14:29:43","modified_gmt":"2025-11-11T13:29:43","slug":"informatii-despre-opera-rea-scolii-asistenta-sociala","status":"publish","type":"page","link":"https:\/\/www.schulzentrum-stetten-akm.de\/ro\/informatii-despre-opera-rea-scolii-asistenta-sociala\/","title":{"rendered":"Informa\u021bii despre activitatea de asisten\u021b\u0103 social\u0103 \u0219colar\u0103"},"content":{"rendered":"<h2 class=\"wp-block-heading\">\u0218coala ca domeniu de activitate<\/h2>\n\n\n\n<p>Asisten\u021ba social\u0103 \u0219colar\u0103 este integrat\u0103 \u00een mod constant \u00een sistemul \u0219colar. Acest lucru este deosebit de evident \u00een cadrul reuniunilor la care li se permite s\u0103 participe \u00een mod regulat:<\/p>\n\n\n\n<ul class=\"wp-block-list\">\n<li>Serile p\u0103rin\u021bilor<\/li>\n\n\n\n<li>Conferin\u021be de clas\u0103<\/li>\n\n\n\n<li>Conferin\u021bele profesorilor<\/li>\n\n\n\n<li>Evenimente \u00een \u0219colile publice<\/li>\n\n\n\n<li>Neuaufnahmen in die 1. Klasse sowie Lerngruppe 5<\/li>\n\n\n\n<li>Serile tematice<\/li>\n<\/ul>\n\n\n\n<p>\u00cen plus, exist\u0103 zile pedagogice \u0219i mese rotunde.<\/p>\n\n\n\n<p>\u00cen acela\u0219i timp, asisten\u021ba social\u0103 \u0219colar\u0103 men\u021bine \u0219i intensific\u0103 diversele contacte de cooperare.<\/p>\n\n\n\n<p>Printre acestea se num\u0103r\u0103 \u00een principal:<\/p>\n\n\n\n<ul class=\"wp-block-list\">\n<li>Poli\u021bia - <em>Prevenirea violen\u021bei<\/em><\/li>\n\n\n\n<li>Birouri de asisten\u021b\u0103 social\u0103 pentru tineret ( Sigmaringen, Ravensburg) - <em>Cazuri individuale<\/em><\/li>\n\n\n\n<li>Centre de consiliere - <em>Cazuri individuale<\/em><\/li>\n\n\n\n<li>Consiliul \u0219colar <em>- Consiliere pentru profesori, profesori de cooperare<\/em><\/li>\n\n\n\n<li>Agen\u021bia pentru copii \u0219i tineret Sigmaringen - <em>Internet<\/em><\/li>\n\n\n\n<li>Biroul de ocupare a for\u021bei de munc\u0103 <em>- Aplica\u021bii, ucenicii<\/em><\/li>\n<\/ul>\n\n\n\n<hr class=\"wp-block-separator has-css-opacity\"\/>\n\n\n\n<h2 class=\"wp-block-heading\">Accentul principal<\/h2>\n\n\n\n<p>Centrul \u0219colar Stetten a.k.M., ca toate celelalte \u0219coli, prezint\u0103 situa\u021bii problematice tipice.<\/p>\n\n\n\n<p>Acestea includ, printre altele:<\/p>\n\n\n\n<ul class=\"wp-block-list\">\n<li>Lipsa de comportament social<\/li>\n\n\n\n<li>Crizele identitare ale tinerilor<\/li>\n\n\n\n<li>Crize familiale<\/li>\n\n\n\n<li>Propor\u021bia mare de str\u0103ini \/ coloni\u0219ti \u0219i problemele asociate<\/li>\n\n\n\n<li>Dificult\u0103\u021bi de \u00eenv\u0103\u021bare ale elevilor<\/li>\n\n\n\n<li>Alegerea carierei<\/li>\n\n\n\n<li>Dificult\u0103\u021bi de competen\u021b\u0103<\/li>\n\n\n\n<li>Propensiunea la violen\u021b\u0103<\/li>\n\n\n\n<li>Comportament de dependen\u021b\u0103<\/li>\n\n\n\n<li>Probleme legate de mass-media<\/li>\n\n\n\n<li>Lipsa de interes a p\u0103rin\u021bilor fa\u021b\u0103 de via\u021ba \u0219colar\u0103<\/li>\n<\/ul>\n\n\n\n<p>Pentru a putea aborda domeniile problematice, asisten\u021ba social\u0103 \u0219colar\u0103 a ales urm\u0103toarele abord\u0103ri relevante pentru practic\u0103:<\/p>\n\n\n\n<ul class=\"wp-block-list\">\n<li>Asisten\u021b\u0103 individual\u0103 de caz<\/li>\n\n\n\n<li>Consiliere \u00een grup sau \u00een clas\u0103<\/li>\n\n\n\n<li>Formarea candida\u021bilor<\/li>\n\n\n\n<li>Parenting<\/li>\n\n\n\n<li>Lucrul \u00een comisiile \u0219colare<\/li>\n<\/ul>\n\n\n\n<hr class=\"wp-block-separator has-css-opacity\"\/>\n\n\n\n<h2 class=\"wp-block-heading\">Asisten\u021b\u0103 individual\u0103 de caz<\/h2>\n\n\n\n<p>Sprijinul individual este un serviciu de consiliere pentru elevi, profesori \u0219i p\u0103rin\u021bi pentru a rezolva probleme specifice. Serviciul de consiliere este voluntar, ceea ce \u00eenseamn\u0103 c\u0103 depinde \u00een mare m\u0103sur\u0103 de cooperarea persoanei care urmeaz\u0103 s\u0103 fie consiliat\u0103.<\/p>\n\n\n\n<p>Contactul cu asisten\u021ba social\u0103 \u0219colar\u0103 are loc \u00een diferite moduri \u00een aceast\u0103 ofert\u0103.<\/p>\n\n\n\n<p>Mul\u021bi elevi sunt adu\u0219i la consiliere prin intermediul profesorilor lor. Dar p\u0103rin\u021bii sunt, de asemenea, trimi\u0219i la serviciul social al \u0219colii de c\u0103tre profesori individuali atunci c\u00e2nd apar probleme. Cu toate acestea, elevii \u0219i p\u0103rin\u021bii vin la consiliere \u0219i f\u0103r\u0103 a contacta \u00een prealabil profesorul.<\/p>\n\n\n\n<p>Utilizarea consecvent\u0103 a asisten\u021bei sociale \u0219colare din partea profesorului permite o consiliere eficient\u0103 \u0219i utilizarea ofertei de asisten\u021b\u0103 social\u0103 \u0219colar\u0103.<\/p>\n\n\n\n<p>Principalele subiecte sunt \u00een principal:<\/p>\n\n\n\n<ul class=\"wp-block-list\">\n<li>servicii deficitare<\/li>\n\n\n\n<li>Oportunit\u0103\u021bi de carier\u0103<\/li>\n\n\n\n<li>Probleme de comunicare \u00eentre - p\u0103rin\u021bi - profesori - elevi<\/li>\n\n\n\n<li>Lipsa de comportament social<\/li>\n\n\n\n<li>Crize \u00een casa p\u0103rinteasc\u0103<\/li>\n\n\n\n<li>Formarea competen\u021belor<\/li>\n\n\n\n<li>Formarea candida\u021bilor<\/li>\n\n\n\n<li>Pubertatea cu problemele sale<\/li>\n\n\n\n<li>Sinucidere<\/li>\n\n\n\n<li>Independen\u021ba fa\u021b\u0103 de casa p\u0103rinteasc\u0103<\/li>\n\n\n\n<li>Lipsa de dorin\u021b\u0103 de a merge la \u0219coal\u0103<\/li>\n\n\n\n<li>Anomalii sexuale<\/li>\n\n\n\n<li>Prevenirea violen\u021bei<\/li>\n\n\n\n<li>Dezvoltarea strategiilor de rezolvare a conflictelor<\/li>\n\n\n\n<li>Dezvoltarea perspectivelor \u00eempreun\u0103 cu tinerii<\/li>\n<\/ul>\n\n\n\n<hr class=\"wp-block-separator has-css-opacity\"\/>\n\n\n\n<h2 class=\"wp-block-heading\">Consultan\u021b\u0103<\/h2>\n\n\n\n<p>Consulta\u021biile de grup \u0219i de clas\u0103 sunt un companion constant al activit\u0103\u021bii zilnice.<\/p>\n\n\n\n<p>De cele mai multe ori, este vorba de interven\u021bii de criz\u0103 sau de zone problematice care au ap\u0103rut \u00een cadrul grupului de clas\u0103. Aceast\u0103 ofert\u0103 este acceptat\u0103 \u0219i utilizat\u0103 de toate cele trei tipuri de \u0219coli (\u0219coala primar\u0103, \u0219coala secundar\u0103, \u0219coala comunitar\u0103) \u00een aproximativ acela\u0219i mod.<\/p>\n\n\n\n<p>Prin introducerea \u00een orar a a\u0219a-numitelor lec\u021bii SoLe (social learning), asisten\u021ba social\u0103 \u0219colar\u0103 este reprezentat\u0103 s\u0103pt\u0103m\u00e2nal \u00een multe clase. Aceste lec\u021bii SoLe se concentreaz\u0103, printre altele, pe introducerea consiliului clasei, pe promovarea comportamentului social, pe cultivarea climatului clasei, precum \u0219i pe tratarea subiectelor actuale.<\/p>\n\n\n\n<hr class=\"wp-block-separator has-css-opacity\"\/>\n\n\n\n<h2 class=\"wp-block-heading\">Formarea candida\u021bilor<\/h2>\n\n\n\n<p>Asisten\u021ba social\u0103 \u0219colar\u0103 este activ\u0103 \u00een domeniul c\u0103ut\u0103rii unui loc de munc\u0103 \u0219i al scrierii cererilor de angajare.<\/p>\n\n\n\n<p>Elevii din localitate apeleaz\u0103 la asisten\u021ba social\u0103 a \u0219colii pentru a-\u0219i folosi contactele.<\/p>\n\n\n\n<p>Asisten\u021bii sociali \u0219colari ofer\u0103 informa\u021bii despre \u0219colile secundare \u0219i sprijin \u00een redactarea cererilor de angajare. \u00cen plus, se poate fi preg\u0103tit pentru un interviu de angajare sau se poate primi sprijin \u00een g\u0103sirea unui stagiu de formare profesional\u0103 \/ ucenicie.<\/p>\n\n\n\n<hr class=\"wp-block-separator has-css-opacity\"\/>\n\n\n\n<h2 class=\"wp-block-heading\">Parenting<\/h2>\n\n\n\n<p>Activitatea cu p\u0103rin\u021bii este o parte esen\u021bial\u0103 a programului de asisten\u021b\u0103 social\u0103 \u0219colar\u0103. Aceasta variaz\u0103 de la sesiuni de consiliere a p\u0103rin\u021bilor pe termen mai lung p\u00e2n\u0103 la sesiuni scurte de consiliere la telefon sau contact fa\u021b\u0103 \u00een fa\u021b\u0103.<\/p>\n\n\n\n<hr class=\"wp-block-separator has-css-opacity\"\/>\n\n\n\n<h2 class=\"wp-block-heading\">Lucrul \u00een comisiile \u0219colare<\/h2>\n\n\n\n<p>Asisten\u021ba social\u0103 \u0219colar\u0103 particip\u0103 la diferite comitete \u0219colare pentru a asigura o re\u021bea semnificativ\u0103.<\/p>\n\n\n\n<p>Printre acestea se num\u0103r\u0103:<\/p>\n\n\n\n<ul class=\"wp-block-list\">\n<li>Conferin\u021bele profesorilor<\/li>\n\n\n\n<li>Mas\u0103 rotund\u0103<\/li>\n\n\n\n<li>Conferin\u021be de nivel<\/li>\n\n\n\n<li>Conferin\u021be de clas\u0103<\/li>\n\n\n\n<li>Serile p\u0103rin\u021bilor<\/li>\n\n\n\n<li>Consiliile de clas\u0103<\/li>\n<\/ul>","protected":false},"excerpt":{"rendered":"<p>Arbeitsfeld Schule Die Schulsozialarbeit wird konsequent in das System Schule mit eingebunden. Deutlich wird dies vor allem an den Sitzungen an denen sie regelm\u00e4\u00dfig teilnehmen darf: Hinzu kommen noch p\u00e4dagogische &hellip; <\/p>","protected":false},"author":1,"featured_media":0,"parent":0,"menu_order":0,"comment_status":"closed","ping_status":"closed","template":"","meta":{"footnotes":""},"class_list":["post-3217","page","type-page","status-publish","hentry"],"_links":{"self":[{"href":"https:\/\/www.schulzentrum-stetten-akm.de\/ro\/wp-json\/wp\/v2\/pages\/3217","targetHints":{"allow":["GET"]}}],"collection":[{"href":"https:\/\/www.schulzentrum-stetten-akm.de\/ro\/wp-json\/wp\/v2\/pages"}],"about":[{"href":"https:\/\/www.schulzentrum-stetten-akm.de\/ro\/wp-json\/wp\/v2\/types\/page"}],"author":[{"embeddable":true,"href":"https:\/\/www.schulzentrum-stetten-akm.de\/ro\/wp-json\/wp\/v2\/users\/1"}],"replies":[{"embeddable":true,"href":"https:\/\/www.schulzentrum-stetten-akm.de\/ro\/wp-json\/wp\/v2\/comments?post=3217"}],"version-history":[{"count":2,"href":"https:\/\/www.schulzentrum-stetten-akm.de\/ro\/wp-json\/wp\/v2\/pages\/3217\/revisions"}],"predecessor-version":[{"id":8588,"href":"https:\/\/www.schulzentrum-stetten-akm.de\/ro\/wp-json\/wp\/v2\/pages\/3217\/revisions\/8588"}],"wp:attachment":[{"href":"https:\/\/www.schulzentrum-stetten-akm.de\/ro\/wp-json\/wp\/v2\/media?parent=3217"}],"curies":[{"name":"wp","href":"https:\/\/api.w.org\/{rel}","templated":true}]}}