{"id":4534,"date":"2021-01-27T10:37:08","date_gmt":"2021-01-27T09:37:08","guid":{"rendered":"https:\/\/www.schulzentrum-stetten-akm.de\/?page_id=4534"},"modified":"2025-11-11T13:36:03","modified_gmt":"2025-11-11T12:36:03","slug":"rejestracja-do-szkoly-podstawowej","status":"publish","type":"page","link":"https:\/\/www.schulzentrum-stetten-akm.de\/pl\/rejestracja-do-szkoly-podstawowej\/","title":{"rendered":"Rejestracja w szkole podstawowej"},"content":{"rendered":"<h1 style=\"text-align: center;\">\u00a0<\/h1>\n<h3 style=\"text-align: center;\"><span style=\"color: #0000ff;\"><strong>Procedura rejestracji<\/strong><\/span><\/h3>\n<p><strong><u>Schulpflichtig zum Schuljahr 2026\/27<\/u><\/strong> <strong>sind alle Kinder, die bis zum 30. Juni 26 das sechste Lebensjahr vollendet haben.<\/strong><\/p>\n<p><strong><u>Kann-Kinder<\/u><\/strong><strong> sind Kinder, <\/strong><strong>die zwischen dem 1. Juli 2026 und dem 30.<\/strong><strong>\u00a0<\/strong><strong>Juni 2027 &#8211;\u00a0 6 Jahre alt werden, k\u00f6nnen in Absprache mit dem Kindergarten und der Schule angemeldet werden.<\/strong><\/p>\n<h2 style=\"text-align: center;\"><span style=\"color: #0000ff;\"><strong>Anmeldetage 16. und 17. M\u00e4rz 2026<\/strong><\/span><\/h2>\n<h2 style=\"text-align: center;\"><span style=\"color: #0000ff;\"><strong>von 8.00 \u2013 15.30 Uhr<\/strong><\/span><\/h2>\n<p><strong>Potrzebne s\u0105:<\/strong><\/p>\n<ul>\n<li>\u00a0Geburtsurkunde (Kopie) oder Familienstammbuch<\/li>\n<li>\u00a0Einschulungsuntersuchungen (ESU) oder Elternratgeber als Best\u00e4tigung<\/li>\n<li>\u00a0Nachweis der Masernschutzimpfung\/Immunit\u00e4t<\/li>\n<li>\u00a0Protokoll des Beratungsgespr\u00e4chs *<\/li>\n<li>\u00a0Einsch\u00e4tzung zum Entwicklungsstand, \u201eReflexionsbogen\u201c *<\/li>\n<li>\u00a0Elternfragebogen als Gespr\u00e4chsgrundlage **<\/li>\n<li>\u00a0sonstige Unterlagen, die den Entwicklungsstand Ihres Kindes betreffen (\u00e4rztliche Atteste, Antragstellungen\u2026.)<\/li>\n<\/ul>\n<p>Die betreffenden Eltern\/Kinder erhalten die entsprechenden Unterlagen per Post.<\/p>\n<p>W razie pyta\u0144 prosimy o kontakt z sekretariatem szko\u0142y 07573-9519-0.<\/p>\n<p>Die im Einschulungsverfahren vorgesehenen Besuche der neuen Sch\u00fcler an der Schule finden nach Absprache der Kinderg\u00e4rten mit der Schule statt.<\/p>\n<p>Opiekunowie prawni, kt\u00f3rzy zamierzaj\u0105 <strong>\"CAN child\"<\/strong> einzuschulen, bitten wir um rasche R\u00fccksprache, entweder telefonisch: 07573-9519-0 oder via Mail bei der Kooperationslehrerin Frau Maria Fr\u00f6hlich: maria.froehlich@bw.schule<\/p>\n<p>*Diese Schriftst\u00fccke sind Teil der neuen Verwaltungsvorschrift \u201eKooperation Tageseinrichtungen f\u00fcr Kinder und Grundschulen\u201c und sind darin als zu \u00fcbermittelnde Schulanmeldeunterlage vorgesehen. Falls Ihnen dieses Schriftst\u00fcck vorliegt und er Schule noch nicht auf anderem Weg \u00fcbermittelt wurde, d\u00fcrfen Sie es mit Ihrem Einverst\u00e4ndnis der Schule aush\u00e4ndigen.<\/p>\n<p>**Nur, wenn Sie diesen Bogen von der Schule bekommen haben.<\/p>\n<p><span style=\"background-color: #ffff00;\">Wichtige Links:<\/span><\/p>\n<h2><a href=\"https:\/\/www.schulzentrum-stetten-akm.de\/wp-content\/uploads\/2025\/11\/2026-2027-GS_1.-Klasse-Formular-Schulanmeldung-mit-Datenschutz.docx\"><span style=\"color: #0000ff;\">Anmeldeformular Grundschule 1. Klasse<\/span><\/a><\/h2>\n<h2><a href=\"https:\/\/www.schulzentrum-stetten-akm.de\/wp-content\/uploads\/2025\/11\/Elternbrief-Vinzenz-2026_2027-1.pdf\" target=\"_blank\" rel=\"noopener\"><span style=\"color: #0000ff;\">Informationen Mensa<\/span><\/a><\/h2>\n<h2><a href=\"https:\/\/www.schulzentrum-stetten-akm.de\/wp-content\/uploads\/2024\/02\/Antrag-Vinzenz.pdf\" target=\"_blank\" rel=\"noopener\"><span style=\"color: #0000ff;\">Aplikacja Mensaessen<\/span><\/a><\/h2>\n<h2><a href=\"https:\/\/www.schulzentrum-stetten-akm.de\/wp-content\/uploads\/2025\/11\/antrag.slv-bw_GS.de_.docx\"><span style=\"color: #0000ff;\">Informationen Sch\u00fclerbef\u00f6rderung (Busfahrkarte)<\/span><\/a><\/h2>\n\n\n\n<p><\/p>","protected":false},"excerpt":{"rendered":"<p>\u00a0 Einschulungsverfahren Schulpflichtig zum Schuljahr 2026\/27 sind alle Kinder, die bis zum 30. Juni 26 das sechste Lebensjahr vollendet haben. Kann-Kinder sind Kinder, die zwischen dem 1. Juli 2026 und &hellip; <\/p>","protected":false},"author":1,"featured_media":0,"parent":0,"menu_order":0,"comment_status":"closed","ping_status":"closed","template":"","meta":{"footnotes":""},"class_list":["post-4534","page","type-page","status-publish","hentry"],"_links":{"self":[{"href":"https:\/\/www.schulzentrum-stetten-akm.de\/pl\/wp-json\/wp\/v2\/pages\/4534","targetHints":{"allow":["GET"]}}],"collection":[{"href":"https:\/\/www.schulzentrum-stetten-akm.de\/pl\/wp-json\/wp\/v2\/pages"}],"about":[{"href":"https:\/\/www.schulzentrum-stetten-akm.de\/pl\/wp-json\/wp\/v2\/types\/page"}],"author":[{"embeddable":true,"href":"https:\/\/www.schulzentrum-stetten-akm.de\/pl\/wp-json\/wp\/v2\/users\/1"}],"replies":[{"embeddable":true,"href":"https:\/\/www.schulzentrum-stetten-akm.de\/pl\/wp-json\/wp\/v2\/comments?post=4534"}],"version-history":[{"count":24,"href":"https:\/\/www.schulzentrum-stetten-akm.de\/pl\/wp-json\/wp\/v2\/pages\/4534\/revisions"}],"predecessor-version":[{"id":8582,"href":"https:\/\/www.schulzentrum-stetten-akm.de\/pl\/wp-json\/wp\/v2\/pages\/4534\/revisions\/8582"}],"wp:attachment":[{"href":"https:\/\/www.schulzentrum-stetten-akm.de\/pl\/wp-json\/wp\/v2\/media?parent=4534"}],"curies":[{"name":"wp","href":"https:\/\/api.w.org\/{rel}","templated":true}]}}