{"id":4365,"date":"2020-11-18T09:51:24","date_gmt":"2020-11-18T08:51:24","guid":{"rendered":"https:\/\/www.schulzentrum-stetten-akm.de\/?page_id=4365"},"modified":"2025-11-20T10:41:18","modified_gmt":"2025-11-20T09:41:18","slug":"opieka-calodzienna","status":"publish","type":"page","link":"https:\/\/www.schulzentrum-stetten-akm.de\/pl\/opieka-calodzienna\/","title":{"rendered":"Opieka ca\u0142odzienna"},"content":{"rendered":"<p class=\"has-large-font-size\">w centrum szkolnym Stetten am kalten Markt<\/p>\n\n\n\n<p>Poniedzia\u0142ek - czwartek: 7:35 - 16:05&nbsp;<br>Pi\u0105tek: 7:35 -12:40.<\/p>\n\n\n\n<figure class=\"wp-block-table\"><table><tbody><tr><td><span style=\"color:#0693e3\" class=\"tadv-color\">Modu\u0142 1<\/span><\/td><td><strong>Nadz\u00f3r 1. godzina (7.35 - 8.20)&nbsp;<\/strong><\/td><\/tr><tr><td><span style=\"color:#0693e3\" class=\"tadv-color\">Modu\u0142 2<\/span><\/td><td><strong>Nadz\u00f3r 6. okres (11.55 - 12.40)<\/strong><\/td><\/tr><tr><td><span class=\"tadv-color\" style=\"color:#0693e3\">Blok konstrukcyjny nr 3<\/span><br><\/td><td><strong>Lunch<\/strong>&nbsp;&nbsp;&nbsp;(<strong>od 11.55....<\/strong><br>Zam\u00f3wienie tygodniowe&nbsp;<strong>online<\/strong>, obci\u0105\u017cany co miesi\u0105c (Vinzenz Sigmaringen)&nbsp;<br>Zapisy za po\u015brednictwem sekretariatu szko\u0142y (formularz zg\u0142oszeniowy&nbsp;<a href=\"https:\/\/www.schulzentrum-stetten-akm.de\/wp-content\/uploads\/2020\/11\/2017_08_18-Antrag-Vinzenz.pdf\">tutaj<\/a>)&nbsp;<br>+&nbsp;<strong>Nadz\u00f3r nad prac\u0105 domow\u0105\/czas wolny .... do 14.30)<\/strong><\/td><\/tr><tr><td><span class=\"tadv-color\" style=\"color:#0693e3\">Blok konstrukcyjny nr 4<\/span><\/td><td><strong>Nachmittagsprogramm<\/strong><\/td><\/tr><\/tbody><\/table><\/figure>\n\n\n\n<p class=\"has-text-align-center\"><strong>Oferta opieki nad dzie\u0107mi<\/strong><br><strong>Koszt jednego modu\u0142u 5 euro \/ miesi\u0105c<\/strong><br><strong>Maksymalna kwota 75 Euro \/ miesi\u0105c<\/strong><\/p>\n\n\n\n<figure class=\"wp-block-table\"><table class=\"has-background\" style=\"background-color:#e7f5fe\"><tbody><tr><td><strong>poniedzia\u0142ek -.&nbsp;&nbsp;<\/strong><\/td><td><strong>Czwartek<\/strong><\/td><td><strong>&nbsp;<\/strong><\/td><\/tr><tr><td><strong>Modu\u0142 1<\/strong><\/td><td>07:35 - 08:20<\/td><td>Nadz\u00f3r 1. godz.<\/td><\/tr><tr><td><strong>Modu\u0142 2<\/strong><\/td><td>11:55 - 12:40<\/td><td>Nadz\u00f3r 6. godz.<\/td><\/tr><tr><td><strong>Blok konstrukcyjny nr 3<\/strong><\/td><td>12:40 - 14:30<\/td><td>Betreuung Essen + Hausaufgabenbetreuung\/Betreuung<\/td><\/tr><tr><td><strong>Blok konstrukcyjny nr 4<\/strong><\/td><td>14:30 - 16:05<\/td><td>Oferta popo\u0142udniowa<\/td><\/tr><tr><td><strong>Pi\u0105tek<\/strong><\/td><td>&nbsp;<\/td><td>&nbsp;<\/td><\/tr><tr><td><strong>Modu\u0142 1<\/strong><\/td><td>07:35 - 08:20<\/td><td>Nadz\u00f3r 1. godz.<\/td><\/tr><tr><td><strong>Modu\u0142 2<\/strong><\/td><td>11:55 - 12:40<\/td><td>Nadz\u00f3r 6. godz.<\/td><\/tr><\/tbody><\/table><\/figure>\n\n\n\n<p>Przyk\u0142ad:&nbsp;<br>Ucze\u0144\/rodzina A potrzebuje modu\u0142u 1 w poniedzia\u0142ek -&gt; 1 modu\u0142 a'5 Euro -&gt; 5 Euro\/miesi\u0105c<br>Ucze\u0144\/rodzina B we wtorek modu\u0142 1, w \u015brod\u0119 modu\u0142 3 + 4 -&gt; 3\u00d75 Euro -&gt; 15 Euro\/miesi\u0105c<br>Ucze\u0144\/rodzina C od pon-pt ka\u017cdy modu\u0142 1+2+3+4, pi\u0105tek modu\u0142 1+2 -&gt; 18\u00d75 75 Euro\/miesi\u0105c<br>Miesi\u0119czne rozliczanie koszt\u00f3w poprzez wystawienie mandatu polecenia zap\u0142aty SEPA przez gmin\u0119 Stetten a.k.M.<\/p>\n\n\n\n<p class=\"has-vivid-cyan-blue-color has-text-color has-large-font-size\">&nbsp;&nbsp;Wi\u0105\u017c\u0105ca rejestracja (na jeden semestr szkolny)<\/p>\n\n\n\n<ul class=\"wp-block-list\">\n<li>Zapisy na opiek\u0119 ca\u0142odzienn\u0105 drog\u0105 elektroniczn\u0105 na adres&nbsp;<a href=\"mailto:ganztagesbetreuungstetten@posteo.de\">ganztagesbetreuungstetten@posteo.de<\/a><\/li>\n\n\n\n<li>Anmeldeformular Mittagsprogramm <a href=\"https:\/\/www.schulzentrum-stetten-akm.de\/wp-content\/uploads\/2025\/11\/2025-11-11_GTB_Anmeldeformular_Mittagsprogramm_1.Hj_.pdf\" data-type=\"attachment\" data-id=\"8558\" target=\"_blank\" rel=\"noreferrer noopener\"><strong>tutaj<\/strong><\/a><\/li>\n\n\n\n<li>Anmeldeformular GTB <strong><a href=\"https:\/\/www.schulzentrum-stetten-akm.de\/wp-content\/uploads\/2025\/09\/2025-09-09_GTB_Anmeldeformular_1._Sj_2025_2026.pdf\">tutaj<\/a> &nbsp;<\/strong><\/li>\n\n\n\n<li>Mandat SEPA&nbsp;<a aria-label=\" (otwiera si\u0119 w nowej karcie)\" href=\"https:\/\/www.schulzentrum-stetten-akm.de\/wp-content\/uploads\/2020\/11\/SEPA-Mandat.pdf\" target=\"_blank\" rel=\"noreferrer noopener\"><span class=\"tadv-color\" style=\"color:#cf2e2e\"><strong>tutaj<\/strong><\/span><\/a><\/li>\n<\/ul>\n\n\n\n<p class=\"has-vivid-cyan-blue-color has-text-color has-large-font-size\">Osoba kontaktowa: Manuela Keller<\/p>\n\n\n\n<p class=\"has-medium-font-size\">Dane kontaktowe:<\/p>\n\n\n\n<p>Ganztagsbetreuung am Schulzentrum Stetten am kalten Mark<br>Albstr. 5<br>72510 Stetten a.k.M.<br>za po\u015brednictwem sekretariatu szko\u0142y: 07573-9519-0<br>telefon 0163-8479707<\/p>\n\n\n<div class=\"wp-block-image\">\n<figure class=\"aligncenter size-large\"><img loading=\"lazy\" decoding=\"async\" width=\"156\" height=\"91\" src=\"https:\/\/www.schulzentrum-stetten-akm.de\/wp-content\/uploads\/2021\/01\/logo-mariaberg_farbig.jpg\" alt=\"\" class=\"wp-image-4546\"\/><\/figure><\/div>\n\n\n<p>E-mail:&nbsp;&nbsp;<a href=\"mailto:ganztagesbetreuungstetten@posteo.de\">ganztagesbetreuungstetten@posteo.de<\/a><\/p>\n\n\n\n<p class=\"has-small-font-size\">Mariaberger Training &amp; Service gGmbH<br>Unterer Torackerweg 8<br>72501 Gammertingen<br>Strona g\u0142\u00f3wna:&nbsp;<a rel=\"noreferrer noopener\" href=\"http:\/\/www.mariaberg.de\/\" target=\"_blank\">www.mariaberg.de<\/a><\/p>\n\n\n\n<p class=\"has-small-font-size\">Mariaberger Ausbildung &amp; Service gGmbH: zarejestrowana w s\u0105dzie rejestrowym s\u0105du okr\u0119gowego w Ulm HRB 710986<br>Gesellschafter: Mariaberg e.V.&nbsp;&nbsp;&nbsp;Gesch\u00e4ftsf\u00fchrer: Heiko Stopper<\/p>\n\n\n\n<div class=\"wp-block-group\"><div class=\"wp-block-group__inner-container is-layout-constrained wp-block-group-is-layout-constrained\">\n<figure class=\"wp-block-image size-full\"><img loading=\"lazy\" decoding=\"async\" width=\"213\" height=\"159\" src=\"https:\/\/www.schulzentrum-stetten-akm.de\/wp-content\/uploads\/2023\/12\/Wirkt.jpg\" alt=\"\" class=\"wp-image-6598\" srcset=\"https:\/\/www.schulzentrum-stetten-akm.de\/wp-content\/uploads\/2023\/12\/Wirkt.jpg 213w, https:\/\/www.schulzentrum-stetten-akm.de\/wp-content\/uploads\/2023\/12\/Wirkt-16x12.jpg 16w\" sizes=\"auto, (max-width: 213px) 100vw, 213px\" \/><\/figure>\n<\/div><\/div>","protected":false},"excerpt":{"rendered":"<p>am Schulzentrum Stetten am kalten Markt Montag&nbsp;\u2013&nbsp;Donnerstag:&nbsp;7:35 Uhr&nbsp;\u2013&nbsp;16:05 Uhr&nbsp;Freitag:&nbsp;&nbsp;&nbsp;&nbsp;&nbsp;&nbsp;&nbsp;&nbsp;&nbsp;&nbsp;&nbsp;&nbsp;&nbsp;&nbsp;&nbsp;&nbsp;&nbsp;&nbsp;&nbsp;&nbsp;&nbsp;&nbsp;&nbsp;&nbsp;&nbsp;&nbsp;&nbsp;&nbsp;&nbsp;&nbsp;&nbsp;7:35 Uhr&nbsp;\u201312:40 Uhr Baustein 1 Betreuung 1. Stunde (7.35 Uhr \u2013 8.20 Uhr)&nbsp; Baustein 2 Betreuung 6. Stunde (11.55 Uhr \u2013 12.40 &hellip; <\/p>","protected":false},"author":1,"featured_media":0,"parent":0,"menu_order":0,"comment_status":"closed","ping_status":"closed","template":"","meta":{"footnotes":""},"class_list":["post-4365","page","type-page","status-publish","hentry"],"_links":{"self":[{"href":"https:\/\/www.schulzentrum-stetten-akm.de\/pl\/wp-json\/wp\/v2\/pages\/4365","targetHints":{"allow":["GET"]}}],"collection":[{"href":"https:\/\/www.schulzentrum-stetten-akm.de\/pl\/wp-json\/wp\/v2\/pages"}],"about":[{"href":"https:\/\/www.schulzentrum-stetten-akm.de\/pl\/wp-json\/wp\/v2\/types\/page"}],"author":[{"embeddable":true,"href":"https:\/\/www.schulzentrum-stetten-akm.de\/pl\/wp-json\/wp\/v2\/users\/1"}],"replies":[{"embeddable":true,"href":"https:\/\/www.schulzentrum-stetten-akm.de\/pl\/wp-json\/wp\/v2\/comments?post=4365"}],"version-history":[{"count":22,"href":"https:\/\/www.schulzentrum-stetten-akm.de\/pl\/wp-json\/wp\/v2\/pages\/4365\/revisions"}],"predecessor-version":[{"id":8559,"href":"https:\/\/www.schulzentrum-stetten-akm.de\/pl\/wp-json\/wp\/v2\/pages\/4365\/revisions\/8559"}],"wp:attachment":[{"href":"https:\/\/www.schulzentrum-stetten-akm.de\/pl\/wp-json\/wp\/v2\/media?parent=4365"}],"curies":[{"name":"wp","href":"https:\/\/api.w.org\/{rel}","templated":true}]}}