{"id":3217,"date":"2020-05-18T15:23:18","date_gmt":"2020-05-18T13:23:18","guid":{"rendered":"https:\/\/www.schulzentrum-stetten-akm.de\/?page_id=3217"},"modified":"2025-11-11T14:29:43","modified_gmt":"2025-11-11T13:29:43","slug":"informacje-o-pracy-szkolnej-pracy-socjalnej","status":"publish","type":"page","link":"https:\/\/www.schulzentrum-stetten-akm.de\/pl\/informacje-o-pracy-szkolnej-pracy-socjalnej\/","title":{"rendered":"Informacja o pracy szkolnej pracy socjalnej"},"content":{"rendered":"<h2 class=\"wp-block-heading\">Szko\u0142a jako dziedzina pracy<\/h2>\n\n\n\n<p>Szkolna praca socjalna jest konsekwentnie zintegrowana z systemem szkolnym. Jest to szczeg\u00f3lnie widoczne na spotkaniach, w kt\u00f3rych regularnie mog\u0105 uczestniczy\u0107:<\/p>\n\n\n\n<ul class=\"wp-block-list\">\n<li>Wieczory dla rodzic\u00f3w<\/li>\n\n\n\n<li>Konferencje klasowe<\/li>\n\n\n\n<li>Konferencje dla nauczycieli<\/li>\n\n\n\n<li>Wydarzenia w szko\u0142ach publicznych<\/li>\n\n\n\n<li>Neuaufnahmen in die 1. Klasse sowie Lerngruppe 5<\/li>\n\n\n\n<li>Wieczory tematyczne<\/li>\n<\/ul>\n\n\n\n<p>Ponadto organizowane s\u0105 dni pedagogiczne i spotkania przy okr\u0105g\u0142ym stole.<\/p>\n\n\n\n<p>Jednocze\u015bnie szkolna praca socjalna utrzymuje i intensyfikuje r\u00f3\u017cnorodne kontakty wsp\u00f3\u0142pracy.<\/p>\n\n\n\n<p>Zasadniczo obejmuj\u0105 one:<\/p>\n\n\n\n<ul class=\"wp-block-list\">\n<li>Policja - <em>Zapobieganie przemocy<\/em><\/li>\n\n\n\n<li>urz\u0119dy ds. m\u0142odzie\u017cy (Sigmaringen, Ravensburg) - <em>Indywidualne przypadki<\/em><\/li>\n\n\n\n<li>O\u015brodki doradztwa - <em>Indywidualne przypadki<\/em><\/li>\n\n\n\n<li>Rada szko\u0142y <em>- Doradztwo dla nauczycieli, wsp\u00f3\u0142praca nauczycieli<\/em><\/li>\n\n\n\n<li>Agencja ds. Dzieci i M\u0142odzie\u017cy Sigmaringen - <em>Internet<\/em><\/li>\n\n\n\n<li>Urz\u0105d pracy <em>- Aplikacje, praktyki zawodowe<\/em><\/li>\n<\/ul>\n\n\n\n<hr class=\"wp-block-separator has-css-opacity\"\/>\n\n\n\n<h2 class=\"wp-block-heading\">G\u0142\u00f3wny cel<\/h2>\n\n\n\n<p>O\u015brodek szkolny Stetten a.k.M., podobnie jak wszystkie inne szko\u0142y, wykazuje typowe sytuacje problemowe.<\/p>\n\n\n\n<p>Nale\u017c\u0105 do nich mi\u0119dzy innymi:<\/p>\n\n\n\n<ul class=\"wp-block-list\">\n<li>Brak zachowa\u0144 spo\u0142ecznych<\/li>\n\n\n\n<li>Kryzys to\u017csamo\u015bci w\u015br\u00f3d m\u0142odzie\u017cy<\/li>\n\n\n\n<li>Kryzysy rodzinne<\/li>\n\n\n\n<li>Wysoki odsetek obcokrajowc\u00f3w \/ osadnik\u00f3w i zwi\u0105zane z tym problemy<\/li>\n\n\n\n<li>Trudno\u015bci w nauce uczni\u00f3w<\/li>\n\n\n\n<li>Wyb\u00f3r kariery<\/li>\n\n\n\n<li>Trudno\u015bci kompetencyjne<\/li>\n\n\n\n<li>Sk\u0142onno\u015b\u0107 do przemocy<\/li>\n\n\n\n<li>Zachowanie uzale\u017cniaj\u0105ce<\/li>\n\n\n\n<li>Kwestie zwi\u0105zane z mediami<\/li>\n\n\n\n<li>Brak zainteresowania rodzic\u00f3w \u017cyciem szko\u0142y<\/li>\n<\/ul>\n\n\n\n<p>Aby m\u00f3c poradzi\u0107 sobie z obszarami problemowymi, szkolna praca socjalna wybra\u0142a nast\u0119puj\u0105ce podej\u015bcia istotne z praktycznego punktu widzenia:<\/p>\n\n\n\n<ul class=\"wp-block-list\">\n<li>Pomoc w indywidualnych przypadkach<\/li>\n\n\n\n<li>Doradztwo grupowe lub klasowe<\/li>\n\n\n\n<li>Szkolenie dla kandydat\u00f3w<\/li>\n\n\n\n<li>Rodzicielstwo<\/li>\n\n\n\n<li>Praca w komitetach szkolnych<\/li>\n<\/ul>\n\n\n\n<hr class=\"wp-block-separator has-css-opacity\"\/>\n\n\n\n<h2 class=\"wp-block-heading\">Pomoc w indywidualnych przypadkach<\/h2>\n\n\n\n<p>Wsparcie w indywidualnych przypadkach to us\u0142uga doradztwa dla uczni\u00f3w, nauczycieli i rodzic\u00f3w w zakresie rozwi\u0105zywania konkretnych problem\u00f3w. Us\u0142uga doradztwa jest dobrowolna, co oznacza, \u017ce w du\u017cym stopniu zale\u017cy od wsp\u00f3\u0142pracy osoby, kt\u00f3ra ma otrzyma\u0107 porad\u0119.<\/p>\n\n\n\n<p>Kontakt ze szkoln\u0105 opiek\u0105 spo\u0142eczn\u0105 odbywa si\u0119 na r\u00f3\u017cne sposoby w ramach tej oferty.<\/p>\n\n\n\n<p>Wielu uczni\u00f3w zg\u0142asza si\u0119 do poradni za po\u015brednictwem swoich nauczycieli. R\u00f3wnie\u017c rodzice s\u0105 kierowani do szkolnej opieki spo\u0142ecznej przez poszczeg\u00f3lnych nauczycieli, gdy pojawiaj\u0105 si\u0119 problemy. Jednak uczniowie i rodzice przychodz\u0105 do poradni r\u00f3wnie\u017c bez wcze\u015bniejszego kontaktu z nauczycielem.<\/p>\n\n\n\n<p>Konsekwentne korzystanie ze szkolnej pracy socjalnej ze strony nauczyciela umo\u017cliwia skuteczne doradztwo i korzystanie z oferty szkolnej pracy socjalnej.<\/p>\n\n\n\n<p>G\u0142\u00f3wne tematy to przede wszystkim:<\/p>\n\n\n\n<ul class=\"wp-block-list\">\n<li>wadliwe us\u0142ugi<\/li>\n\n\n\n<li>Mo\u017cliwo\u015bci kariery<\/li>\n\n\n\n<li>Problemy z komunikacj\u0105 mi\u0119dzy - rodzicami - nauczycielami - uczniami<\/li>\n\n\n\n<li>Brak zachowa\u0144 spo\u0142ecznych<\/li>\n\n\n\n<li>Kryzysy w domu rodzicielskim<\/li>\n\n\n\n<li>Szkolenie kompetencyjne<\/li>\n\n\n\n<li>Szkolenie dla kandydat\u00f3w<\/li>\n\n\n\n<li>Dojrzewanie z jego problemami<\/li>\n\n\n\n<li>Samob\u00f3jstwo<\/li>\n\n\n\n<li>Niezale\u017cno\u015b\u0107 od domu rodzicielskiego<\/li>\n\n\n\n<li>Niech\u0119\u0107 do chodzenia do szko\u0142y<\/li>\n\n\n\n<li>Nieprawid\u0142owo\u015bci seksualne<\/li>\n\n\n\n<li>Zapobieganie przemocy<\/li>\n\n\n\n<li>Opracowanie strategii rozwi\u0105zywania konflikt\u00f3w<\/li>\n\n\n\n<li>Rozwijanie perspektyw wraz z m\u0142odymi lud\u017ami<\/li>\n<\/ul>\n\n\n\n<hr class=\"wp-block-separator has-css-opacity\"\/>\n\n\n\n<h2 class=\"wp-block-heading\">Konsultacje<\/h2>\n\n\n\n<p>Konsultacje grupowe i klasowe s\u0105 sta\u0142ym towarzyszem codziennej pracy.<\/p>\n\n\n\n<p>W wi\u0119kszo\u015bci przypadk\u00f3w s\u0105 to interwencje kryzysowe lub obszary problemowe, kt\u00f3re pojawi\u0142y si\u0119 w grupie klasowej. Ta oferta jest akceptowana i wykorzystywana przez wszystkie trzy typy szk\u00f3\u0142 (szko\u0142a podstawowa, szko\u0142a \u015brednia, szko\u0142a spo\u0142eczna) w mniej wi\u0119cej ten sam spos\u00f3b.<\/p>\n\n\n\n<p>Dzi\u0119ki wprowadzeniu tzw. lekcji SoLe (social learning) do planu lekcji, szkolna praca socjalna jest reprezentowana w wielu klasach co tydzie\u0144. Lekcje SoLe koncentruj\u0105 si\u0119 mi\u0119dzy innymi na wprowadzeniu rady klasowej, promowaniu zachowa\u0144 spo\u0142ecznych, kultywowaniu klimatu klasowego, a tak\u017ce zajmowaniu si\u0119 bie\u017c\u0105cymi tematami.<\/p>\n\n\n\n<hr class=\"wp-block-separator has-css-opacity\"\/>\n\n\n\n<h2 class=\"wp-block-heading\">Szkolenie dla kandydat\u00f3w<\/h2>\n\n\n\n<p>Szko\u0142a pracy socjalnej jest aktywna w zakresie poszukiwania pracy i pisania poda\u0144.<\/p>\n\n\n\n<p>Miejscowi uczniowie zwracaj\u0105 si\u0119 do szkolnej opieki spo\u0142ecznej, aby wykorzysta\u0107 swoje kontakty.<\/p>\n\n\n\n<p>Szkolni pracownicy socjalni udzielaj\u0105 informacji na temat szk\u00f3\u0142 \u015brednich i pomagaj\u0105 w pisaniu poda\u0144 o prac\u0119. Ponadto mo\u017cna przygotowa\u0107 si\u0119 do rozmowy kwalifikacyjnej lub otrzyma\u0107 wsparcie w znalezieniu sta\u017cu\/praktyki zawodowej.<\/p>\n\n\n\n<hr class=\"wp-block-separator has-css-opacity\"\/>\n\n\n\n<h2 class=\"wp-block-heading\">Rodzicielstwo<\/h2>\n\n\n\n<p>Praca z rodzicami jest istotn\u0105 cz\u0119\u015bci\u0105 szkolnego programu pracy socjalnej. Obejmuje ona zar\u00f3wno d\u0142ugoterminowe sesje doradcze dla rodzic\u00f3w, jak i kr\u00f3tkie sesje doradcze przez telefon lub w kontakcie bezpo\u015brednim.<\/p>\n\n\n\n<hr class=\"wp-block-separator has-css-opacity\"\/>\n\n\n\n<h2 class=\"wp-block-heading\">Praca w komitetach szkolnych<\/h2>\n\n\n\n<p>Szkolna opieka spo\u0142eczna uczestniczy w r\u00f3\u017cnych komitetach szkolnych, aby zapewni\u0107 znacz\u0105c\u0105 wsp\u00f3\u0142prac\u0119.<\/p>\n\n\n\n<p>Obejmuj\u0105 one:<\/p>\n\n\n\n<ul class=\"wp-block-list\">\n<li>Konferencje dla nauczycieli<\/li>\n\n\n\n<li>Okr\u0105g\u0142y st\u00f3\u0142<\/li>\n\n\n\n<li>Konferencje na poziomie<\/li>\n\n\n\n<li>Konferencje klasowe<\/li>\n\n\n\n<li>Wieczory dla rodzic\u00f3w<\/li>\n\n\n\n<li>Rady klasowe<\/li>\n<\/ul>","protected":false},"excerpt":{"rendered":"<p>Arbeitsfeld Schule Die Schulsozialarbeit wird konsequent in das System Schule mit eingebunden. Deutlich wird dies vor allem an den Sitzungen an denen sie regelm\u00e4\u00dfig teilnehmen darf: Hinzu kommen noch p\u00e4dagogische &hellip; <\/p>","protected":false},"author":1,"featured_media":0,"parent":0,"menu_order":0,"comment_status":"closed","ping_status":"closed","template":"","meta":{"footnotes":""},"class_list":["post-3217","page","type-page","status-publish","hentry"],"_links":{"self":[{"href":"https:\/\/www.schulzentrum-stetten-akm.de\/pl\/wp-json\/wp\/v2\/pages\/3217","targetHints":{"allow":["GET"]}}],"collection":[{"href":"https:\/\/www.schulzentrum-stetten-akm.de\/pl\/wp-json\/wp\/v2\/pages"}],"about":[{"href":"https:\/\/www.schulzentrum-stetten-akm.de\/pl\/wp-json\/wp\/v2\/types\/page"}],"author":[{"embeddable":true,"href":"https:\/\/www.schulzentrum-stetten-akm.de\/pl\/wp-json\/wp\/v2\/users\/1"}],"replies":[{"embeddable":true,"href":"https:\/\/www.schulzentrum-stetten-akm.de\/pl\/wp-json\/wp\/v2\/comments?post=3217"}],"version-history":[{"count":2,"href":"https:\/\/www.schulzentrum-stetten-akm.de\/pl\/wp-json\/wp\/v2\/pages\/3217\/revisions"}],"predecessor-version":[{"id":8588,"href":"https:\/\/www.schulzentrum-stetten-akm.de\/pl\/wp-json\/wp\/v2\/pages\/3217\/revisions\/8588"}],"wp:attachment":[{"href":"https:\/\/www.schulzentrum-stetten-akm.de\/pl\/wp-json\/wp\/v2\/media?parent=3217"}],"curies":[{"name":"wp","href":"https:\/\/api.w.org\/{rel}","templated":true}]}}