{"id":4562,"date":"2021-01-29T07:42:38","date_gmt":"2021-01-29T06:42:38","guid":{"rendered":"https:\/\/www.schulzentrum-stetten-akm.de\/?page_id=4562"},"modified":"2025-11-19T11:50:24","modified_gmt":"2025-11-19T10:50:24","slug":"schuelersprecher-2020-2021","status":"publish","type":"page","link":"https:\/\/www.schulzentrum-stetten-akm.de\/es\/schuelersprecher-2020-2021\/","title":{"rendered":"Sch\u00fclersprecherwahl 2025"},"content":{"rendered":"<p>Am Donnerstag, den 6. &nbsp;November 2025&nbsp;fand am Schulzentrum Stetten die Wahl der neuen Sch\u00fclersprecher statt.<br>Zur neuen&nbsp;Sch\u00fclersprecherin&nbsp;wurde&nbsp;Lena M\u00fchling&nbsp;(rechts im Bild) gew\u00e4hlt. Ihr&nbsp;Stellvertreter&nbsp;ist&nbsp;Gabriel Nuber (links im Bild).<br>Beide m\u00f6chten sich in diesem Schuljahr besonders f\u00fcr ein gutes Miteinander am Schulzentrum sowie f\u00fcr gemeinsame Aktionen und Projekte aller Schularten einsetzen.<\/p>\n\n\n\n<p>Wir&nbsp;gratulieren Lena und Gabriel herzlich&nbsp;zu ihrer Wahl und w\u00fcnschen ihnen viel Erfolg und Freude bei ihren Aufgaben!<\/p>\n\n\n\n<p>Quelle: Mihael Sim<\/p>\n\n\n\n<p>&nbsp;<\/p>\n\n\n\n<figure class=\"wp-block-image size-full is-resized\"><img loading=\"lazy\" decoding=\"async\" width=\"2048\" height=\"1694\" src=\"https:\/\/www.schulzentrum-stetten-akm.de\/wp-content\/uploads\/2025\/11\/IMG_0365-scaled.jpeg\" alt=\"\" class=\"wp-image-8529\" style=\"width:960px;height:auto\" srcset=\"https:\/\/www.schulzentrum-stetten-akm.de\/wp-content\/uploads\/2025\/11\/IMG_0365-scaled.jpeg 2048w, https:\/\/www.schulzentrum-stetten-akm.de\/wp-content\/uploads\/2025\/11\/IMG_0365-300x248.jpeg 300w, https:\/\/www.schulzentrum-stetten-akm.de\/wp-content\/uploads\/2025\/11\/IMG_0365-1024x847.jpeg 1024w, https:\/\/www.schulzentrum-stetten-akm.de\/wp-content\/uploads\/2025\/11\/IMG_0365-768x635.jpeg 768w, https:\/\/www.schulzentrum-stetten-akm.de\/wp-content\/uploads\/2025\/11\/IMG_0365-1536x1271.jpeg 1536w, https:\/\/www.schulzentrum-stetten-akm.de\/wp-content\/uploads\/2025\/11\/IMG_0365-15x12.jpeg 15w\" sizes=\"auto, (max-width: 2048px) 100vw, 2048px\" \/><figcaption class=\"wp-element-caption\">Die Sch\u00fclersprecher des Schulzentrums Stetten Lena M\u00fchling 10.1 und Gabriel Nuber 10.1<\/figcaption><\/figure>","protected":false},"excerpt":{"rendered":"<p>Am Donnerstag, den 6. &nbsp;November 2025&nbsp;fand am Schulzentrum Stetten die Wahl der neuen Sch\u00fclersprecher statt.Zur neuen&nbsp;Sch\u00fclersprecherin&nbsp;wurde&nbsp;Lena M\u00fchling&nbsp;(rechts im Bild) gew\u00e4hlt. Ihr&nbsp;Stellvertreter&nbsp;ist&nbsp;Gabriel Nuber (links im Bild).Beide m\u00f6chten sich in diesem Schuljahr &hellip; <\/p>","protected":false},"author":1,"featured_media":0,"parent":0,"menu_order":0,"comment_status":"closed","ping_status":"closed","template":"","meta":{"footnotes":""},"class_list":["post-4562","page","type-page","status-publish","hentry"],"_links":{"self":[{"href":"https:\/\/www.schulzentrum-stetten-akm.de\/es\/wp-json\/wp\/v2\/pages\/4562","targetHints":{"allow":["GET"]}}],"collection":[{"href":"https:\/\/www.schulzentrum-stetten-akm.de\/es\/wp-json\/wp\/v2\/pages"}],"about":[{"href":"https:\/\/www.schulzentrum-stetten-akm.de\/es\/wp-json\/wp\/v2\/types\/page"}],"author":[{"embeddable":true,"href":"https:\/\/www.schulzentrum-stetten-akm.de\/es\/wp-json\/wp\/v2\/users\/1"}],"replies":[{"embeddable":true,"href":"https:\/\/www.schulzentrum-stetten-akm.de\/es\/wp-json\/wp\/v2\/comments?post=4562"}],"version-history":[{"count":13,"href":"https:\/\/www.schulzentrum-stetten-akm.de\/es\/wp-json\/wp\/v2\/pages\/4562\/revisions"}],"predecessor-version":[{"id":8625,"href":"https:\/\/www.schulzentrum-stetten-akm.de\/es\/wp-json\/wp\/v2\/pages\/4562\/revisions\/8625"}],"wp:attachment":[{"href":"https:\/\/www.schulzentrum-stetten-akm.de\/es\/wp-json\/wp\/v2\/media?parent=4562"}],"curies":[{"name":"wp","href":"https:\/\/api.w.org\/{rel}","templated":true}]}}