{"id":4365,"date":"2020-11-18T09:51:24","date_gmt":"2020-11-18T08:51:24","guid":{"rendered":"https:\/\/www.schulzentrum-stetten-akm.de\/?page_id=4365"},"modified":"2025-11-20T10:41:18","modified_gmt":"2025-11-20T09:41:18","slug":"guarderia","status":"publish","type":"page","link":"https:\/\/www.schulzentrum-stetten-akm.de\/es\/guarderia\/","title":{"rendered":"Guarder\u00eda"},"content":{"rendered":"<p class=\"has-large-font-size\">en el centro escolar Stetten am kalten Markt<\/p>\n\n\n\n<p>Lunes - Jueves: 7:35 - 16:05&nbsp;<br>Viernes: de 7.35 a 12.40 h.<\/p>\n\n\n\n<figure class=\"wp-block-table\"><table><tbody><tr><td><span style=\"color:#0693e3\" class=\"tadv-color\">M\u00f3dulo 1<\/span><\/td><td><strong>Supervisi\u00f3n 1\u00aa hora (7.35 - 8.20)&nbsp;<\/strong><\/td><\/tr><tr><td><span style=\"color:#0693e3\" class=\"tadv-color\">M\u00f3dulo 2<\/span><\/td><td><strong>Supervisi\u00f3n 6\u00aa hora (11.55 - 12.40)<\/strong><\/td><\/tr><tr><td><span class=\"tadv-color\" style=\"color:#0693e3\">Bloque 3<\/span><br><\/td><td><strong>Almuerzo<\/strong>&nbsp;&nbsp;&nbsp;(<strong>a partir de 11.55....<\/strong><br>Pedido semanal&nbsp;<strong>en l\u00ednea<\/strong>, con cargo mensual (Vinzenz Sigmaringen)&nbsp;<br>Inscripci\u00f3n a trav\u00e9s de la secretar\u00eda de la escuela (formulario de inscripci\u00f3n&nbsp;<a href=\"https:\/\/www.schulzentrum-stetten-akm.de\/wp-content\/uploads\/2020\/11\/2017_08_18-Antrag-Vinzenz.pdf\">aqu\u00ed<\/a>)&nbsp;<br>+&nbsp;<strong>Supervisi\u00f3n de los deberes\/tiempo libre .... hasta las 14.30)<\/strong><\/td><\/tr><tr><td><span class=\"tadv-color\" style=\"color:#0693e3\">Bloque 4<\/span><\/td><td><strong>Nachmittagsprogramm<\/strong><\/td><\/tr><\/tbody><\/table><\/figure>\n\n\n\n<p class=\"has-text-align-center\"><strong>Oferta de guarder\u00eda<\/strong><br><strong>Coste por m\u00f3dulo 5 euros \/ mes<\/strong><br><strong>Importe m\u00e1ximo 75 euros \/ mes<\/strong><\/p>\n\n\n\n<figure class=\"wp-block-table\"><table class=\"has-background\" style=\"background-color:#e7f5fe\"><tbody><tr><td><strong>Lunes -&nbsp;&nbsp;<\/strong><\/td><td><strong>Jueves<\/strong><\/td><td><strong>&nbsp;<\/strong><\/td><\/tr><tr><td><strong>M\u00f3dulo 1<\/strong><\/td><td>07:35 - 08:20<\/td><td>Supervisi\u00f3n 1. hrs.<\/td><\/tr><tr><td><strong>M\u00f3dulo 2<\/strong><\/td><td>11:55 - 12:40<\/td><td>Supervisi\u00f3n 6. horas<\/td><\/tr><tr><td><strong>Bloque 3<\/strong><\/td><td>12:40 - 14:30<\/td><td>Betreuung Essen + Hausaufgabenbetreuung\/Betreuung<\/td><\/tr><tr><td><strong>Bloque 4<\/strong><\/td><td>14:30 - 16:05<\/td><td>Oferta de tarde<\/td><\/tr><tr><td><strong>Viernes<\/strong><\/td><td>&nbsp;<\/td><td>&nbsp;<\/td><\/tr><tr><td><strong>M\u00f3dulo 1<\/strong><\/td><td>07:35 - 08:20<\/td><td>Supervisi\u00f3n 1. hrs.<\/td><\/tr><tr><td><strong>M\u00f3dulo 2<\/strong><\/td><td>11:55 - 12:40<\/td><td>Supervisi\u00f3n 6. horas<\/td><\/tr><\/tbody><\/table><\/figure>\n\n\n\n<p>Ejemplo:&nbsp;<br>Alumno\/familia A necesita m\u00f3dulo 1 el lunes -&gt; 1 m\u00f3dulo a'5 Euro -&gt; 5 Euro\/mes<br>Alumno\/familia B el martes m\u00f3dulo 1, mi\u00e9rcoles m\u00f3dulo 3 + 4 -&gt; 3\u00d75 Euro -&gt; 15 Euro\/mes<br>Alumno\/familia C de lunes a jueves cada m\u00f3dulo 1+2+3+4, viernes m\u00f3dulo 1+2 -&gt; 18\u00d75 75 Euro\/mes<br>Liquidaci\u00f3n mensual de los costes mediante la emisi\u00f3n de una orden de domiciliaci\u00f3n SEPA por parte del ayuntamiento de Stetten a.k.M.<\/p>\n\n\n\n<p class=\"has-vivid-cyan-blue-color has-text-color has-large-font-size\">&nbsp;&nbsp;Inscripci\u00f3n vinculante (para un trimestre escolar)<\/p>\n\n\n\n<ul class=\"wp-block-list\">\n<li>Inscripci\u00f3n para la atenci\u00f3n durante todo el d\u00eda por correo electr\u00f3nico a&nbsp;<a href=\"mailto:ganztagesbetreuungstetten@posteo.de\">ganztagesbetreuungstetten@posteo.de<\/a><\/li>\n\n\n\n<li>Anmeldeformular Mittagsprogramm <a href=\"https:\/\/www.schulzentrum-stetten-akm.de\/wp-content\/uploads\/2025\/11\/2025-11-11_GTB_Anmeldeformular_Mittagsprogramm_1.Hj_.pdf\" data-type=\"attachment\" data-id=\"8558\" target=\"_blank\" rel=\"noreferrer noopener\"><strong>aqu\u00ed<\/strong><\/a><\/li>\n\n\n\n<li>Anmeldeformular GTB <strong><a href=\"https:\/\/www.schulzentrum-stetten-akm.de\/wp-content\/uploads\/2025\/09\/2025-09-09_GTB_Anmeldeformular_1._Sj_2025_2026.pdf\">aqu\u00ed<\/a> &nbsp;<\/strong><\/li>\n\n\n\n<li>Mandato de la SEPA&nbsp;<a aria-label=\" (se abre en una nueva pesta\u00f1a)\" href=\"https:\/\/www.schulzentrum-stetten-akm.de\/wp-content\/uploads\/2020\/11\/SEPA-Mandat.pdf\" target=\"_blank\" rel=\"noreferrer noopener\"><span class=\"tadv-color\" style=\"color:#cf2e2e\"><strong>aqu\u00ed<\/strong><\/span><\/a><\/li>\n<\/ul>\n\n\n\n<p class=\"has-vivid-cyan-blue-color has-text-color has-large-font-size\">Persona de contacto: Manuela Keller<\/p>\n\n\n\n<p class=\"has-medium-font-size\">Datos de contacto:<\/p>\n\n\n\n<p>Ganztagsbetreuung am Schulzentrum Stetten am kalten Mark<br>Albstr. 5<br>72510 Stetten a.k.M.<br>a trav\u00e9s de la secretar\u00eda de la escuela: 07573-9519-0<br>m\u00f3vil 0163-8479707<\/p>\n\n\n<div class=\"wp-block-image\">\n<figure class=\"aligncenter size-large\"><img loading=\"lazy\" decoding=\"async\" width=\"156\" height=\"91\" src=\"https:\/\/www.schulzentrum-stetten-akm.de\/wp-content\/uploads\/2021\/01\/logo-mariaberg_farbig.jpg\" alt=\"\" class=\"wp-image-4546\"\/><\/figure><\/div>\n\n\n<p>Correo electr\u00f3nico:&nbsp;&nbsp;<a href=\"mailto:ganztagesbetreuungstetten@posteo.de\">ganztagesbetreuungstetten@posteo.de<\/a><\/p>\n\n\n\n<p class=\"has-small-font-size\">Mariaberger Training &amp; Service gGmbH<br>Unterer Torackerweg 8<br>72501 Gammertingen<br>P\u00e1gina de inicio:&nbsp;<a rel=\"noreferrer noopener\" href=\"http:\/\/www.mariaberg.de\/\" target=\"_blank\">www.mariaberg.de<\/a><\/p>\n\n\n\n<p class=\"has-small-font-size\">Mariaberger Ausbildung &amp; Service gGmbH: Inscrita en el registro del tribunal del distrito de Ulm HRB 710986<br>Gesellschafter: Mariaberg e.V.&nbsp;&nbsp;&nbsp;Gesch\u00e4ftsf\u00fchrer: Heiko Stopper<\/p>\n\n\n\n<div class=\"wp-block-group\"><div class=\"wp-block-group__inner-container is-layout-constrained wp-block-group-is-layout-constrained\">\n<figure class=\"wp-block-image size-full\"><img loading=\"lazy\" decoding=\"async\" width=\"213\" height=\"159\" src=\"https:\/\/www.schulzentrum-stetten-akm.de\/wp-content\/uploads\/2023\/12\/Wirkt.jpg\" alt=\"\" class=\"wp-image-6598\" srcset=\"https:\/\/www.schulzentrum-stetten-akm.de\/wp-content\/uploads\/2023\/12\/Wirkt.jpg 213w, https:\/\/www.schulzentrum-stetten-akm.de\/wp-content\/uploads\/2023\/12\/Wirkt-16x12.jpg 16w\" sizes=\"auto, (max-width: 213px) 100vw, 213px\" \/><\/figure>\n<\/div><\/div>","protected":false},"excerpt":{"rendered":"<p>am Schulzentrum Stetten am kalten Markt Montag&nbsp;\u2013&nbsp;Donnerstag:&nbsp;7:35 Uhr&nbsp;\u2013&nbsp;16:05 Uhr&nbsp;Freitag:&nbsp;&nbsp;&nbsp;&nbsp;&nbsp;&nbsp;&nbsp;&nbsp;&nbsp;&nbsp;&nbsp;&nbsp;&nbsp;&nbsp;&nbsp;&nbsp;&nbsp;&nbsp;&nbsp;&nbsp;&nbsp;&nbsp;&nbsp;&nbsp;&nbsp;&nbsp;&nbsp;&nbsp;&nbsp;&nbsp;&nbsp;7:35 Uhr&nbsp;\u201312:40 Uhr Baustein 1 Betreuung 1. Stunde (7.35 Uhr \u2013 8.20 Uhr)&nbsp; Baustein 2 Betreuung 6. Stunde (11.55 Uhr \u2013 12.40 &hellip; <\/p>","protected":false},"author":1,"featured_media":0,"parent":0,"menu_order":0,"comment_status":"closed","ping_status":"closed","template":"","meta":{"footnotes":""},"class_list":["post-4365","page","type-page","status-publish","hentry"],"_links":{"self":[{"href":"https:\/\/www.schulzentrum-stetten-akm.de\/es\/wp-json\/wp\/v2\/pages\/4365","targetHints":{"allow":["GET"]}}],"collection":[{"href":"https:\/\/www.schulzentrum-stetten-akm.de\/es\/wp-json\/wp\/v2\/pages"}],"about":[{"href":"https:\/\/www.schulzentrum-stetten-akm.de\/es\/wp-json\/wp\/v2\/types\/page"}],"author":[{"embeddable":true,"href":"https:\/\/www.schulzentrum-stetten-akm.de\/es\/wp-json\/wp\/v2\/users\/1"}],"replies":[{"embeddable":true,"href":"https:\/\/www.schulzentrum-stetten-akm.de\/es\/wp-json\/wp\/v2\/comments?post=4365"}],"version-history":[{"count":22,"href":"https:\/\/www.schulzentrum-stetten-akm.de\/es\/wp-json\/wp\/v2\/pages\/4365\/revisions"}],"predecessor-version":[{"id":8559,"href":"https:\/\/www.schulzentrum-stetten-akm.de\/es\/wp-json\/wp\/v2\/pages\/4365\/revisions\/8559"}],"wp:attachment":[{"href":"https:\/\/www.schulzentrum-stetten-akm.de\/es\/wp-json\/wp\/v2\/media?parent=4365"}],"curies":[{"name":"wp","href":"https:\/\/api.w.org\/{rel}","templated":true}]}}